{"id":1601,"date":"2011-10-04T06:29:58","date_gmt":"2011-10-04T06:29:58","guid":{"rendered":"http:\/\/themes.themegoods.com\/crius_wp\/?page_id=74"},"modified":"2025-10-17T13:06:20","modified_gmt":"2025-10-17T11:06:20","slug":"contact-us","status":"publish","type":"page","link":"https:\/\/la-grave.com\/en\/contact-us\/","title":{"rendered":"Access &#8211; Contact"},"content":{"rendered":"<p><div class=\"one_third\"><\/p>\r\n<h5><i class=\"fa fa-plane\" aria-hidden=\"true\"><\/i> A\u00e9roports :<\/h5>\r\n<ul>\r\n<li><a href=\"https:\/\/www.lyonaeroports.com\/\" target=\"_blank\" rel=\"noreferrer noopener\">Lyon Saint Exupery<\/a> et <a href=\"https:\/\/www.aeroportoditorino.it\/\" target=\"_blank\" rel=\"noopener noreferrer\">Turin<\/a><br \/>liaison avec la Grave en <a href=\"https:\/\/www.linkbus-alps.com\/\" target=\"_blank\" rel=\"noopener noreferrer\"><i class=\"fa fa-bus\" aria-hidden=\"true\"><\/i> LinkBus<\/a><\/li>\r\n<li><a href=\"http:\/\/www.grenoble-airport.com\/\" target=\"_blank\" rel=\"noreferrer noopener\">Grenoble \u2013 Saint Geoirs<\/a><br \/>shuttle bus to the bus station and link to La Grave <br \/><a href=\"https:\/\/www.autocars-resalp.com\/lignes-regulieres\/bus\/ler35-grenoble\/\" target=\"_blank\" rel=\"noreferrer noopener\"><i class=\"fa fa-bus\" aria-hidden=\"true\"><\/i> autocars (LER35) <\/a><br \/>ou\u00a0<a href=\"https:\/\/www.taxidelameije.fr\/\" target=\"_blank\" rel=\"noreferrer noopener\"><i class=\"fa fa-taxi\" aria-hidden=\"true\"><\/i> taxi de la meije<\/a> &amp;\u00a0<a href=\"https:\/\/www.oztaxi.fr\/\" target=\"_blank\" rel=\"noreferrer noopener\"><i class=\"fa fa-taxi\" aria-hidden=\"true\"><\/i> Oz Taxi<\/a><\/li>\r\n<li><a href=\"http:\/\/www.gva.ch\/\" target=\"_blank\" rel=\"noreferrer noopener\">Gen\u00e8ve Cointrin<\/a><br \/>Transfer with <a href=\"https:\/\/www.autocars-resalp.com\/transferts\/aeroports\/geneve\/\" target=\"_blank\" rel=\"noopener noreferrer\"><i class=\"fa fa-bus\" aria-hidden=\"true\"><\/i> Resalp<\/a><\/li>\r\n<\/ul>\r\n<p><\/div><\/p>\r\n<p><div class=\"one_third\"><\/p>\r\n<p><img fetchpriority=\"high\" decoding=\"async\" class=\"alignnone size-full wp-image-1663\" src=\"http:\/\/v4.la-grave.com\/wp-content\/uploads\/2020\/05\/carte-trans.png\" alt=\"\" width=\"300\" height=\"331\" srcset=\"https:\/\/la-grave.com\/wp-content\/uploads\/2020\/05\/carte-trans.png 300w, https:\/\/la-grave.com\/wp-content\/uploads\/2020\/05\/carte-trans-272x300.png 272w\" sizes=\"(max-width: 300px) 100vw, 300px\" \/><\/p>\r\n<p><\/div><\/p>\r\n<p><div class=\"one_third last\"><\/p>\r\n<h5><i class=\"fa fa-train\" aria-hidden=\"true\"><\/i> Train \u2013 Grenoble :<\/h5>\r\n<ul>\r\n<li><a href=\"http:\/\/www.sncf.fr\/\" target=\"_blank\" rel=\"noreferrer noopener\">Regular correspondence<\/a>\u00a0with all major French cities, TGV connection to Paris.<br \/>Shuttle service to the bus station and link to La Grave by\u00a0<a href=\"https:\/\/www.autocars-resalp.com\/lignes-regulieres\/bus\/ler35-grenoble\/\" target=\"_blank\" rel=\"noreferrer noopener\"><i class=\"fa fa-bus\" aria-hidden=\"true\"><\/i> autocars Resalp (LER35)\u00a0<\/a>\u00a0ou\u00a0<a href=\"https:\/\/www.taxidelameije.fr\/\" target=\"_blank\" rel=\"noreferrer noopener\"><i class=\"fa fa-taxi\" aria-hidden=\"true\"><\/i> taxi de la meije<\/a> &amp;\u00a0<a href=\"https:\/\/www.oztaxi.fr\/\" target=\"_blank\" rel=\"noreferrer noopener\"><i class=\"fa fa-taxi\" aria-hidden=\"true\"><\/i> Oz Taxi<\/a><\/li>\r\n<\/ul>\r\n<p><\/div><br class=\"clear\"\/><\/p>\r\n<h5><i class=\"fa fa-car\" aria-hidden=\"true\"><\/i> By car or car pool :<\/h5>\r\n<p><a class=\"button small center\" onclick=\"window.open('https:\/\/www.google.com\/maps\/dir\/\/T%C3%A9l%C3%A9ph%C3%A9rique+des+Glaciers+de+la+meije+-+SATG,+Place+du+T%C3%A9l%C3%A9ph%C3%A9rique,+05320+La+Grave\/', '_self')\">Find your route to La Grave<\/a>\u00a0<a href=\"https:\/\/www.blablacar.fr\/\" target=\"_blank\" rel=\"noopener noreferrer\">Blablacar<\/a> &#8211; <a href=\"https:\/\/www.kelbillet.com\/covoiturage\/\" target=\"_blank\" rel=\"noopener noreferrer\">Kelbillet<\/a>\u00a0<\/p>\r\n<hr \/>\r\n<h4>SATG &#8211; T\u00e9l\u00e9ph\u00e9riques des Glaciers de la Meije<\/h4>\r\n<h5>1 Place du t\u00e9l\u00e9ph\u00e9rique &#8211; Le Village<br data-rich-text-line-break=\"true\" \/>F-05320 La Grave &#8211; France<\/h5>\r\n<ul class=\"rich-text block-editor-rich-text__editable\" role=\"textbox\" contenteditable=\"true\" aria-multiline=\"true\" aria-label=\"R\u00e9digez une liste\u2026\">\r\n<li>Answering machine &#8211; Infos 24H\/24 &#8211; T\u00e9l. +33\/(0)4 76 79 91 09<\/li>\r\n<li>Service Commercial &#8211; T\u00e9l. +33\/(0)4 76 79 94 65<\/li>\r\n<\/ul>\r\n<p><\/p>\r\n<ul class=\"wp-block-list\">\r\n<li style=\"list-style-type: none;\">\r\n<ul>\r\n<li><a href=\"https:\/\/la-grave.com\/wp-content\/uploads\/2025\/01\/la-grave-flyer-2025-mail.pdf\" target=\"_blank\" rel=\"noreferrer noopener\">Download the Winter brochure<\/a><\/li>\r\n<li><a href=\"https:\/\/la-grave.com\/wp-content\/uploads\/2025\/01\/la-grave-flyer-2025-mail.pdf\" target=\"_blank\" rel=\"noreferrer noopener\">Download the Summer brochure<\/a><\/li>\r\n<\/ul>\r\n<\/li>\r\n<\/ul>\r\n<p><\/p>\r\n<p><\/p>\r\n<p><\/p>\r\n<hr class=\"wp-block-separator has-css-opacity is-style-dots\" \/>\r\n<p><\/p>\r\n<p class=\"has-text-align-center\">\n<div class=\"wpcf7 no-js\" id=\"wpcf7-f2979-o1\" lang=\"fr-FR\" dir=\"ltr\" data-wpcf7-id=\"2979\">\n<div class=\"screen-reader-response\"><p role=\"status\" aria-live=\"polite\" aria-atomic=\"true\"><\/p> <ul><\/ul><\/div>\n<form action=\"\/en\/wp-json\/wp\/v2\/pages\/1601#wpcf7-f2979-o1\" method=\"post\" class=\"wpcf7-form init\" aria-label=\"Formulaire de contact\" novalidate=\"novalidate\" data-status=\"init\">\n<fieldset class=\"hidden-fields-container\"><input type=\"hidden\" name=\"_wpcf7\" value=\"2979\" \/><input type=\"hidden\" name=\"_wpcf7_version\" value=\"6.1.5\" \/><input type=\"hidden\" name=\"_wpcf7_locale\" value=\"fr_FR\" \/><input type=\"hidden\" name=\"_wpcf7_unit_tag\" value=\"wpcf7-f2979-o1\" \/><input type=\"hidden\" name=\"_wpcf7_container_post\" value=\"0\" \/><input type=\"hidden\" name=\"_wpcf7_posted_data_hash\" value=\"\" \/><input type=\"hidden\" name=\"_wpcf7cf_hidden_group_fields\" value=\"[]\" \/><input type=\"hidden\" name=\"_wpcf7cf_hidden_groups\" value=\"[]\" \/><input type=\"hidden\" name=\"_wpcf7cf_visible_groups\" value=\"[]\" \/><input type=\"hidden\" name=\"_wpcf7cf_repeaters\" value=\"[]\" \/><input type=\"hidden\" name=\"_wpcf7cf_steps\" value=\"{}\" \/><input type=\"hidden\" name=\"_wpcf7cf_options\" value=\"{&quot;form_id&quot;:2979,&quot;conditions&quot;:[],&quot;settings&quot;:{&quot;animation&quot;:&quot;yes&quot;,&quot;animation_intime&quot;:200,&quot;animation_outtime&quot;:200,&quot;conditions_ui&quot;:&quot;normal&quot;,&quot;notice_dismissed&quot;:false,&quot;notice_dismissed_update-cf7-5.4.1&quot;:true,&quot;notice_dismissed_update-cf7-5.5.2&quot;:true,&quot;notice_dismissed_update-cf7-5.5.3&quot;:true,&quot;notice_dismissed_update-cf7-5.6&quot;:true,&quot;notice_dismissed_update-cf7-5.6.3&quot;:true,&quot;notice_dismissed_update-cf7-5.6.4&quot;:true,&quot;notice_dismissed_update-cf7-5.7.4&quot;:true,&quot;notice_dismissed_update-cf7-5.7.6&quot;:true,&quot;notice_dismissed_update-cf7-5.8.7&quot;:true,&quot;notice_dismissed_update-cf7-5.9.2&quot;:true,&quot;notice_dismissed_update-cf7-5.9.5&quot;:true,&quot;notice_dismissed_update-cf7-6.0&quot;:true,&quot;notice_dismissed_update-cf7-6.0.6&quot;:true}}\" \/>\n<\/fieldset>\n<label> Your name (essential)<br\/>\n    <span class=\"wpcf7-form-control-wrap\" data-name=\"your-name\"><input size=\"40\" maxlength=\"400\" class=\"wpcf7-form-control wpcf7-text wpcf7-validates-as-required\" aria-required=\"true\" aria-invalid=\"false\" value=\"\" type=\"text\" name=\"your-name\" \/><\/span> <\/label><br\/>\n\n<label> your email (essential)<br\/>\n    <span class=\"wpcf7-form-control-wrap\" data-name=\"your-email\"><input size=\"40\" maxlength=\"400\" class=\"wpcf7-form-control wpcf7-email wpcf7-validates-as-required wpcf7-text wpcf7-validates-as-email\" aria-required=\"true\" aria-invalid=\"false\" value=\"\" type=\"email\" name=\"your-email\" \/><\/span> <\/label><br\/>\n\n<label> Subject<br\/>\n    <span class=\"wpcf7-form-control-wrap\" data-name=\"objet\"><select class=\"wpcf7-form-control wpcf7-select wpcf7-validates-as-required\" aria-required=\"true\" aria-invalid=\"false\" name=\"objet\"><option value=\"Ask for rates\">Ask for rates<\/option><option value=\"Question about your Skipass\">Question about your Skipass<\/option><option value=\"Weather and snow conditions, safety\">Weather and snow conditions, safety<\/option><\/select><\/span> <\/label><br\/>\n\n<label> Votre message<br\/>\n    <span class=\"wpcf7-form-control-wrap\" data-name=\"your-message\"><textarea cols=\"40\" rows=\"10\" maxlength=\"2000\" class=\"wpcf7-form-control wpcf7-textarea\" aria-invalid=\"false\" name=\"your-message\"><\/textarea><\/span> <\/label><br\/>\n\n<span class=\"wpcf7-form-control-wrap kc_captcha cf7ic-toggle\" data-name=\"kc_captcha\"><span class=\"wpcf7-form-control wpcf7-radio\"><span class=\"captcha-image\" style=\"display: none;\"><span class=\"cf7ic_instructions\">Veuillez prouver que vous \u00eates humain en s\u00e9lectionnant<span> le c\u0153ur<\/span>.<\/span><label><input aria-label=\"1\" type=\"radio\" name=\"kc_captcha\" value=\"kc_human\" \/><svg aria-hidden=\"true\" role=\"img\" xmlns=\"http:\/\/www.w3.org\/2000\/svg\" viewBox=\"0 0 576 512\"><path fill=\"currentColor\" d=\"M415 24c-53 0-103 42-127 65-24-23-74-65-127-65C70 24 16 77 16 166c0 72 67 133 69 135l187 181c9 8 23 8 32 0l187-180c2-3 69-64 69-136 0-89-54-142-145-142z\"\/><\/svg><\/label><label><input aria-label=\"2\" type=\"radio\" name=\"kc_captcha\" value=\"bot\" \/><svg aria-hidden=\"true\" role=\"img\" xmlns=\"http:\/\/www.w3.org\/2000\/svg\" viewBox=\"0 0 512 512\"><path fill=\"currentColor\" d=\"M350 99c-54 0-98-35-166-35-25 0-47 4-68 12a56 56 0 004-24C118 24 95 1 66 0a56 56 0 00-34 102v386c0 13 11 24 24 24h16c13 0 24-11 24-24v-94c28-12 64-23 114-23 54 0 98 35 166 35 48 0 86-16 122-41 9-6 14-15 14-26V96c0-23-24-39-45-29-35 16-77 32-117 32z\"\/><\/svg><\/label><label><input aria-label=\"3\" type=\"radio\" name=\"kc_captcha\" value=\"bot\" \/><svg aria-hidden=\"true\" role=\"img\" xmlns=\"http:\/\/www.w3.org\/2000\/svg\" viewBox=\"0 0 512 512\"><path fill=\"currentColor\" d=\"M512 176a176 176 0 01-209 173l-24 27a24 24 0 01-18 8h-37v40c0 13-11 24-24 24h-40v40c0 13-11 24-24 24H24c-13 0-24-11-24-24v-78c0-6 3-13 7-17l162-162a176 176 0 11343-55zm-176-48a48 48 0 1096 0 48 48 0 00-96 0z\"\/><\/svg><\/label>\r\n    <\/span>\r\n    <span style=\"display:none\">\r\n        <input type=\"text\" name=\"kc_honeypot\">\r\n    <\/span><\/span><\/span><br\/>\n\n<input class=\"wpcf7-form-control wpcf7-submit has-spinner\" type=\"submit\" value=\"Submit\" \/><div class=\"wpcf7-response-output\" aria-hidden=\"true\"><\/div>\n<\/form>\n<\/div>\n<\/p>\r\n<p><\/p>","protected":false},"excerpt":{"rendered":"<p>By car or car pool : \u00a0Blablacar &#8211; Kelbillet\u00a0 SATG &#8211; T\u00e9l\u00e9ph\u00e9riques des Glaciers de la Meije 1 Place du t\u00e9l\u00e9ph\u00e9rique &#8211; Le VillageF-05320 La Grave &#8211; France Answering machine &#8211; Infos 24H\/24 &#8211; T\u00e9l. +33\/(0)4 76 79 91 09 Service Commercial &#8211; T\u00e9l. +33\/(0)4 76 79 94 65<\/p>\n","protected":false},"author":1,"featured_media":20,"parent":0,"menu_order":0,"comment_status":"open","ping_status":"open","template":"page_f.php","meta":{"footnotes":""},"class_list":["post-1601","page","type-page","status-publish","has-post-thumbnail","hentry"],"translation":{"provider":"WPGlobus","version":"3.0.2","language":"en","enabled_languages":["fr","en"],"languages":{"fr":{"title":true,"content":true,"excerpt":false},"en":{"title":true,"content":true,"excerpt":false}}},"yoast_head":"<!-- This site is optimized with the Yoast SEO plugin v27.5 - https:\/\/yoast.com\/product\/yoast-seo-wordpress\/ -->\n<title>Access - Contact - La Grave<\/title>\n<meta name=\"robots\" content=\"index, follow, max-snippet:-1, max-image-preview:large, max-video-preview:-1\" \/>\n<link rel=\"canonical\" href=\"https:\/\/la-grave.com\/contact-us\/\" \/>\n<meta property=\"og:locale\" content=\"en_US\" \/>\n<meta property=\"og:type\" content=\"article\" \/>\n<meta property=\"og:title\" content=\"Access - Contact - La Grave\" \/>\n<meta property=\"og:url\" content=\"https:\/\/la-grave.com\/contact-us\/\" \/>\n<meta property=\"og:site_name\" content=\"La Grave\" \/>\n<meta property=\"article:modified_time\" content=\"2025-10-17T11:06:20+00:00\" \/>\n<meta property=\"og:image\" content=\"https:\/\/la-grave.com\/wp-content\/uploads\/2020\/05\/cp.jpg\" \/>\n\t<meta property=\"og:image:width\" content=\"2000\" \/>\n\t<meta property=\"og:image:height\" content=\"1125\" \/>\n\t<meta property=\"og:image:type\" content=\"image\/jpeg\" \/>\n<meta name=\"twitter:card\" content=\"summary_large_image\" \/>\n<meta name=\"twitter:label1\" content=\"Est. reading time\" \/>\n\t<meta name=\"twitter:data1\" content=\"2 minutes\" \/>\n<script type=\"application\/ld+json\" class=\"yoast-schema-graph\">{\"@context\":\"https:\\\/\\\/schema.org\",\"@graph\":[{\"@type\":\"WebPage\",\"@id\":\"https:\\\/\\\/la-grave.com\\\/contact-us\\\/\",\"url\":\"https:\\\/\\\/la-grave.com\\\/contact-us\\\/\",\"name\":\"Access - Contact - La Grave\",\"isPartOf\":{\"@id\":\"https:\\\/\\\/la-grave.com\\\/#website\"},\"primaryImageOfPage\":{\"@id\":\"https:\\\/\\\/la-grave.com\\\/contact-us\\\/#primaryimage\"},\"image\":{\"@id\":\"https:\\\/\\\/la-grave.com\\\/contact-us\\\/#primaryimage\"},\"thumbnailUrl\":\"https:\\\/\\\/la-grave.com\\\/wp-content\\\/uploads\\\/2020\\\/05\\\/cp.jpg\",\"datePublished\":\"2011-10-04T06:29:58+00:00\",\"dateModified\":\"2025-10-17T11:06:20+00:00\",\"description\":\"Pour acceder \u00e0 La Grave, \u00e0 pied, en train, avion, voiture, co-voiturage, v\u00e9lo et bus.... il y a forc\u00e9ment le moyen de transport qu'il vous convient.\",\"breadcrumb\":{\"@id\":\"https:\\\/\\\/la-grave.com\\\/contact-us\\\/#breadcrumb\"},\"inLanguage\":\"en-US\",\"potentialAction\":[{\"@type\":\"ReadAction\",\"target\":[\"https:\\\/\\\/la-grave.com\\\/contact-us\\\/\"]}]},{\"@type\":\"ImageObject\",\"inLanguage\":\"en-US\",\"@id\":\"https:\\\/\\\/la-grave.com\\\/contact-us\\\/#primaryimage\",\"url\":\"https:\\\/\\\/la-grave.com\\\/wp-content\\\/uploads\\\/2020\\\/05\\\/cp.jpg\",\"contentUrl\":\"https:\\\/\\\/la-grave.com\\\/wp-content\\\/uploads\\\/2020\\\/05\\\/cp.jpg\",\"width\":2000,\"height\":1125},{\"@type\":\"BreadcrumbList\",\"@id\":\"https:\\\/\\\/la-grave.com\\\/contact-us\\\/#breadcrumb\",\"itemListElement\":[{\"@type\":\"ListItem\",\"position\":1,\"name\":\"Accueil\",\"item\":\"https:\\\/\\\/la-grave.com\\\/\"},{\"@type\":\"ListItem\",\"position\":2,\"name\":\"Acces &#8211; Contact\"}]},{\"@type\":\"WebSite\",\"@id\":\"https:\\\/\\\/la-grave.com\\\/#website\",\"url\":\"https:\\\/\\\/la-grave.com\\\/\",\"name\":\"La Grave\",\"description\":\"One signposted route, the rest is up to you!\",\"potentialAction\":[{\"@type\":\"SearchAction\",\"target\":{\"@type\":\"EntryPoint\",\"urlTemplate\":\"https:\\\/\\\/la-grave.com\\\/?s={search_term_string}\"},\"query-input\":{\"@type\":\"PropertyValueSpecification\",\"valueRequired\":true,\"valueName\":\"search_term_string\"}}],\"inLanguage\":\"en-US\"}]}<\/script>\n<!-- \/ Yoast SEO plugin. -->","yoast_head_json":{"title":"Access - Contact - La Grave","robots":{"index":"index","follow":"follow","max-snippet":"max-snippet:-1","max-image-preview":"max-image-preview:large","max-video-preview":"max-video-preview:-1"},"canonical":"https:\/\/la-grave.com\/contact-us\/","og_locale":"en_US","og_type":"article","og_title":"Access - Contact - La Grave","og_url":"https:\/\/la-grave.com\/contact-us\/","og_site_name":"La Grave","article_modified_time":"2025-10-17T11:06:20+00:00","og_image":[{"width":2000,"height":1125,"url":"https:\/\/la-grave.com\/wp-content\/uploads\/2020\/05\/cp.jpg","type":"image\/jpeg"}],"twitter_card":"summary_large_image","twitter_misc":{"Est. reading time":"2 minutes"},"schema":{"@context":"https:\/\/schema.org","@graph":[{"@type":"WebPage","@id":"https:\/\/la-grave.com\/contact-us\/","url":"https:\/\/la-grave.com\/contact-us\/","name":"Access - Contact - La Grave","isPartOf":{"@id":"https:\/\/la-grave.com\/#website"},"primaryImageOfPage":{"@id":"https:\/\/la-grave.com\/contact-us\/#primaryimage"},"image":{"@id":"https:\/\/la-grave.com\/contact-us\/#primaryimage"},"thumbnailUrl":"https:\/\/la-grave.com\/wp-content\/uploads\/2020\/05\/cp.jpg","datePublished":"2011-10-04T06:29:58+00:00","dateModified":"2025-10-17T11:06:20+00:00","description":"Pour acceder \u00e0 La Grave, \u00e0 pied, en train, avion, voiture, co-voiturage, v\u00e9lo et bus.... il y a forc\u00e9ment le moyen de transport qu'il vous convient.","breadcrumb":{"@id":"https:\/\/la-grave.com\/contact-us\/#breadcrumb"},"inLanguage":"en-US","potentialAction":[{"@type":"ReadAction","target":["https:\/\/la-grave.com\/contact-us\/"]}]},{"@type":"ImageObject","inLanguage":"en-US","@id":"https:\/\/la-grave.com\/contact-us\/#primaryimage","url":"https:\/\/la-grave.com\/wp-content\/uploads\/2020\/05\/cp.jpg","contentUrl":"https:\/\/la-grave.com\/wp-content\/uploads\/2020\/05\/cp.jpg","width":2000,"height":1125},{"@type":"BreadcrumbList","@id":"https:\/\/la-grave.com\/contact-us\/#breadcrumb","itemListElement":[{"@type":"ListItem","position":1,"name":"Accueil","item":"https:\/\/la-grave.com\/"},{"@type":"ListItem","position":2,"name":"Acces &#8211; Contact"}]},{"@type":"WebSite","@id":"https:\/\/la-grave.com\/#website","url":"https:\/\/la-grave.com\/","name":"La Grave","description":"One signposted route, the rest is up to you!","potentialAction":[{"@type":"SearchAction","target":{"@type":"EntryPoint","urlTemplate":"https:\/\/la-grave.com\/?s={search_term_string}"},"query-input":{"@type":"PropertyValueSpecification","valueRequired":true,"valueName":"search_term_string"}}],"inLanguage":"en-US"}]}},"_links":{"self":[{"href":"https:\/\/la-grave.com\/en\/wp-json\/wp\/v2\/pages\/1601","targetHints":{"allow":["GET"]}}],"collection":[{"href":"https:\/\/la-grave.com\/en\/wp-json\/wp\/v2\/pages"}],"about":[{"href":"https:\/\/la-grave.com\/en\/wp-json\/wp\/v2\/types\/page"}],"author":[{"embeddable":true,"href":"https:\/\/la-grave.com\/en\/wp-json\/wp\/v2\/users\/1"}],"replies":[{"embeddable":true,"href":"https:\/\/la-grave.com\/en\/wp-json\/wp\/v2\/comments?post=1601"}],"version-history":[{"count":0,"href":"https:\/\/la-grave.com\/en\/wp-json\/wp\/v2\/pages\/1601\/revisions"}],"wp:featuredmedia":[{"embeddable":true,"href":"https:\/\/la-grave.com\/en\/wp-json\/wp\/v2\/media\/20"}],"wp:attachment":[{"href":"https:\/\/la-grave.com\/en\/wp-json\/wp\/v2\/media?parent=1601"}],"curies":[{"name":"wp","href":"https:\/\/api.w.org\/{rel}","templated":true}]}}