{"id":1644,"date":"2020-05-02T00:06:54","date_gmt":"2020-05-01T22:06:54","guid":{"rendered":"http:\/\/v4.la-grave.com\/?page_id=1644"},"modified":"2025-10-16T18:01:13","modified_gmt":"2025-10-16T16:01:13","slug":"le-domaine-de-haute-montagne-hiver","status":"publish","type":"page","link":"https:\/\/la-grave.com\/en\/le-domaine-de-haute-montagne-hiver\/","title":{"rendered":"Winter &#8211; High mountain area"},"content":{"rendered":"<h2>To have a great day&#8230;<\/h2>\r\n<p>We believe that making each skier responsible for his or her own safety and for not posing a danger to others in an off-piste ski area is the best way of minimising risks..\u00a0<\/p>\r\n<p>Our &#8220;Patrouilleurs&#8221; are the key people for your information at La Grave. Ask them, they love it! Their advice will help you make the best choices. You&#8217;ll find them in the wooden chalet opposite the cable car departure point.<\/p>\r\n<div class=\"video-container\"><iframe title=\"YouTube video player\" width=\"300\" height=\"200\" src=\"https:\/\/www.youtube.com\/embed\/evtDmDMp1Cs?theme=dark&rel=0&wmode=transparent\" frameborder=\"0\" allowfullscreen><\/iframe><\/div>\r\n<h3>A few tips&#8230;<\/h3>\r\n<ul>\r\n<li>Before you set off, it&#8217;s up to you to decide whether the quality of the snow, the weather conditions and the difficulty of the routes are compatible with your own ability and skills.<\/li>\r\n<li>It is your sole responsibility to decide whether you can set off without danger to yourself or others. As a result, you are personally liable for any material or physical accidents that may occur to yourself or to third parties.<\/li>\r\n<li>On the glacier, you must ski only on the marked runs. Any exit under the ropes that line the pistes puts you at risk of falling into a crevasse. If you deliberately ski on the unprotected part of the glacier, don&#8217;t forget to return to the Chancel refuge via the Col du Lac..<\/li>\r\n<li>Consult the <a href=\"https:\/\/la-grave.com\/en\/conseils-patrouilleurs-conditions\/\">weather, snow conditions and avalanche risk information<\/a> boards posted in our stations and at the departure of the cable car..<\/li>\r\n<li>For alternative routes and couloir skiing, consult the guidebooks: access is complex and dangerous. Avoid off-piste glacier skiing in foggy conditions.<\/li>\r\n<li>Keep an eye on the times and the weather You are at 3200 m, and the weather can change abruptly.<\/li>\r\n<li>On the Vallons and Chancel itineraries, there is no final passage provided by ski patrols..<\/li>\r\n<\/ul>\r\n<p style=\"text-align: center;\"><a href=\"https:\/\/la-grave.com\/wp-content\/uploads\/2020\/05\/200ko.pdf\" target=\"_blank\" rel=\"noopener noreferrer\"><img decoding=\"async\" class=\"aligncenter wp-image-1646 size-thumbnail\" src=\"https:\/\/la-grave.com\/wp-content\/uploads\/2020\/05\/157ko-150x150.jpg\" alt=\"\" width=\"150\" height=\"150\" srcset=\"https:\/\/la-grave.com\/wp-content\/uploads\/2020\/05\/157ko-150x150.jpg 150w, https:\/\/la-grave.com\/wp-content\/uploads\/2020\/05\/157ko-440x440.jpg 440w, https:\/\/la-grave.com\/wp-content\/uploads\/2020\/05\/157ko-109x109.jpg 109w, https:\/\/la-grave.com\/wp-content\/uploads\/2020\/05\/157ko-100x100.jpg 100w\" sizes=\"(max-width: 150px) 100vw, 150px\" \/><\/a><br \/>view a more detailed version of the &#8220;estate plan&#8221; in PDF format<\/p>\r\n<p><\/p>\r\n<p><\/p>","protected":false},"excerpt":{"rendered":"<p>To have a great day&#8230; We believe that making each skier responsible for his or her own safety and for not posing a danger to others in an off-piste ski area is the best way of minimising risks..\u00a0 Our &#8220;Patrouilleurs&#8221; are the key people for your information at La Grave. Ask them, they love it! [&hellip;]<\/p>\n","protected":false},"author":1,"featured_media":23,"parent":0,"menu_order":0,"comment_status":"closed","ping_status":"closed","template":"","meta":{"footnotes":""},"class_list":["post-1644","page","type-page","status-publish","has-post-thumbnail","hentry"],"translation":{"provider":"WPGlobus","version":"3.0.2","language":"en","enabled_languages":["fr","en"],"languages":{"fr":{"title":true,"content":true,"excerpt":false},"en":{"title":true,"content":true,"excerpt":false}}},"yoast_head":"<!-- This site is optimized with the Yoast SEO plugin v27.4 - https:\/\/yoast.com\/product\/yoast-seo-wordpress\/ -->\n<title>Winter - High mountain area - La Grave<\/title>\n<meta name=\"robots\" content=\"index, follow, max-snippet:-1, max-image-preview:large, max-video-preview:-1\" \/>\n<link rel=\"canonical\" href=\"https:\/\/la-grave.com\/le-domaine-de-haute-montagne-hiver\/\" \/>\n<meta property=\"og:locale\" content=\"en_US\" \/>\n<meta property=\"og:type\" content=\"article\" \/>\n<meta property=\"og:title\" content=\"Winter - High mountain area - La Grave\" \/>\n<meta property=\"og:url\" content=\"https:\/\/la-grave.com\/le-domaine-de-haute-montagne-hiver\/\" \/>\n<meta property=\"og:site_name\" content=\"La Grave\" \/>\n<meta property=\"article:modified_time\" content=\"2025-10-16T16:01:13+00:00\" \/>\n<meta property=\"og:image\" content=\"https:\/\/la-grave.com\/wp-content\/uploads\/2020\/05\/domaine2.jpg\" \/>\n\t<meta property=\"og:image:width\" content=\"2000\" \/>\n\t<meta property=\"og:image:height\" content=\"1125\" \/>\n\t<meta property=\"og:image:type\" content=\"image\/jpeg\" \/>\n<meta name=\"twitter:card\" content=\"summary_large_image\" \/>\n<meta name=\"twitter:label1\" content=\"Est. reading time\" \/>\n\t<meta name=\"twitter:data1\" content=\"3 minutes\" \/>\n<script type=\"application\/ld+json\" class=\"yoast-schema-graph\">{\"@context\":\"https:\\\/\\\/schema.org\",\"@graph\":[{\"@type\":\"WebPage\",\"@id\":\"https:\\\/\\\/la-grave.com\\\/le-domaine-de-haute-montagne-hiver\\\/\",\"url\":\"https:\\\/\\\/la-grave.com\\\/le-domaine-de-haute-montagne-hiver\\\/\",\"name\":\"Winter - High mountain area - La Grave\",\"isPartOf\":{\"@id\":\"https:\\\/\\\/la-grave.com\\\/#website\"},\"primaryImageOfPage\":{\"@id\":\"https:\\\/\\\/la-grave.com\\\/le-domaine-de-haute-montagne-hiver\\\/#primaryimage\"},\"image\":{\"@id\":\"https:\\\/\\\/la-grave.com\\\/le-domaine-de-haute-montagne-hiver\\\/#primaryimage\"},\"thumbnailUrl\":\"https:\\\/\\\/la-grave.com\\\/wp-content\\\/uploads\\\/2020\\\/05\\\/domaine2.jpg\",\"datePublished\":\"2020-05-01T22:06:54+00:00\",\"dateModified\":\"2025-10-16T16:01:13+00:00\",\"description\":\"Responsabiliser chaque pratiquant pour qu'il g\u00e8re au mieux sa propre s\u00e9curit\u00e9 nous semble \u00eatre la meilleure mani\u00e8re de minimiser les risques.\u00a0\",\"breadcrumb\":{\"@id\":\"https:\\\/\\\/la-grave.com\\\/le-domaine-de-haute-montagne-hiver\\\/#breadcrumb\"},\"inLanguage\":\"en-US\",\"potentialAction\":[{\"@type\":\"ReadAction\",\"target\":[\"https:\\\/\\\/la-grave.com\\\/le-domaine-de-haute-montagne-hiver\\\/\"]}]},{\"@type\":\"ImageObject\",\"inLanguage\":\"en-US\",\"@id\":\"https:\\\/\\\/la-grave.com\\\/le-domaine-de-haute-montagne-hiver\\\/#primaryimage\",\"url\":\"https:\\\/\\\/la-grave.com\\\/wp-content\\\/uploads\\\/2020\\\/05\\\/domaine2.jpg\",\"contentUrl\":\"https:\\\/\\\/la-grave.com\\\/wp-content\\\/uploads\\\/2020\\\/05\\\/domaine2.jpg\",\"width\":2000,\"height\":1125},{\"@type\":\"BreadcrumbList\",\"@id\":\"https:\\\/\\\/la-grave.com\\\/le-domaine-de-haute-montagne-hiver\\\/#breadcrumb\",\"itemListElement\":[{\"@type\":\"ListItem\",\"position\":1,\"name\":\"Accueil\",\"item\":\"https:\\\/\\\/la-grave.com\\\/\"},{\"@type\":\"ListItem\",\"position\":2,\"name\":\"Hiver &#8211; Domaine de Haute-Montagne\"}]},{\"@type\":\"WebSite\",\"@id\":\"https:\\\/\\\/la-grave.com\\\/#website\",\"url\":\"https:\\\/\\\/la-grave.com\\\/\",\"name\":\"La Grave\",\"description\":\"One signposted route, the rest is up to you!\",\"potentialAction\":[{\"@type\":\"SearchAction\",\"target\":{\"@type\":\"EntryPoint\",\"urlTemplate\":\"https:\\\/\\\/la-grave.com\\\/?s={search_term_string}\"},\"query-input\":{\"@type\":\"PropertyValueSpecification\",\"valueRequired\":true,\"valueName\":\"search_term_string\"}}],\"inLanguage\":\"en-US\"}]}<\/script>\n<!-- \/ Yoast SEO plugin. -->","yoast_head_json":{"title":"Winter - High mountain area - La Grave","robots":{"index":"index","follow":"follow","max-snippet":"max-snippet:-1","max-image-preview":"max-image-preview:large","max-video-preview":"max-video-preview:-1"},"canonical":"https:\/\/la-grave.com\/le-domaine-de-haute-montagne-hiver\/","og_locale":"en_US","og_type":"article","og_title":"Winter - High mountain area - La Grave","og_url":"https:\/\/la-grave.com\/le-domaine-de-haute-montagne-hiver\/","og_site_name":"La Grave","article_modified_time":"2025-10-16T16:01:13+00:00","og_image":[{"width":2000,"height":1125,"url":"https:\/\/la-grave.com\/wp-content\/uploads\/2020\/05\/domaine2.jpg","type":"image\/jpeg"}],"twitter_card":"summary_large_image","twitter_misc":{"Est. reading time":"3 minutes"},"schema":{"@context":"https:\/\/schema.org","@graph":[{"@type":"WebPage","@id":"https:\/\/la-grave.com\/le-domaine-de-haute-montagne-hiver\/","url":"https:\/\/la-grave.com\/le-domaine-de-haute-montagne-hiver\/","name":"Winter - High mountain area - La Grave","isPartOf":{"@id":"https:\/\/la-grave.com\/#website"},"primaryImageOfPage":{"@id":"https:\/\/la-grave.com\/le-domaine-de-haute-montagne-hiver\/#primaryimage"},"image":{"@id":"https:\/\/la-grave.com\/le-domaine-de-haute-montagne-hiver\/#primaryimage"},"thumbnailUrl":"https:\/\/la-grave.com\/wp-content\/uploads\/2020\/05\/domaine2.jpg","datePublished":"2020-05-01T22:06:54+00:00","dateModified":"2025-10-16T16:01:13+00:00","description":"Responsabiliser chaque pratiquant pour qu'il g\u00e8re au mieux sa propre s\u00e9curit\u00e9 nous semble \u00eatre la meilleure mani\u00e8re de minimiser les risques.\u00a0","breadcrumb":{"@id":"https:\/\/la-grave.com\/le-domaine-de-haute-montagne-hiver\/#breadcrumb"},"inLanguage":"en-US","potentialAction":[{"@type":"ReadAction","target":["https:\/\/la-grave.com\/le-domaine-de-haute-montagne-hiver\/"]}]},{"@type":"ImageObject","inLanguage":"en-US","@id":"https:\/\/la-grave.com\/le-domaine-de-haute-montagne-hiver\/#primaryimage","url":"https:\/\/la-grave.com\/wp-content\/uploads\/2020\/05\/domaine2.jpg","contentUrl":"https:\/\/la-grave.com\/wp-content\/uploads\/2020\/05\/domaine2.jpg","width":2000,"height":1125},{"@type":"BreadcrumbList","@id":"https:\/\/la-grave.com\/le-domaine-de-haute-montagne-hiver\/#breadcrumb","itemListElement":[{"@type":"ListItem","position":1,"name":"Accueil","item":"https:\/\/la-grave.com\/"},{"@type":"ListItem","position":2,"name":"Hiver &#8211; Domaine de Haute-Montagne"}]},{"@type":"WebSite","@id":"https:\/\/la-grave.com\/#website","url":"https:\/\/la-grave.com\/","name":"La Grave","description":"One signposted route, the rest is up to you!","potentialAction":[{"@type":"SearchAction","target":{"@type":"EntryPoint","urlTemplate":"https:\/\/la-grave.com\/?s={search_term_string}"},"query-input":{"@type":"PropertyValueSpecification","valueRequired":true,"valueName":"search_term_string"}}],"inLanguage":"en-US"}]}},"_links":{"self":[{"href":"https:\/\/la-grave.com\/en\/wp-json\/wp\/v2\/pages\/1644","targetHints":{"allow":["GET"]}}],"collection":[{"href":"https:\/\/la-grave.com\/en\/wp-json\/wp\/v2\/pages"}],"about":[{"href":"https:\/\/la-grave.com\/en\/wp-json\/wp\/v2\/types\/page"}],"author":[{"embeddable":true,"href":"https:\/\/la-grave.com\/en\/wp-json\/wp\/v2\/users\/1"}],"replies":[{"embeddable":true,"href":"https:\/\/la-grave.com\/en\/wp-json\/wp\/v2\/comments?post=1644"}],"version-history":[{"count":0,"href":"https:\/\/la-grave.com\/en\/wp-json\/wp\/v2\/pages\/1644\/revisions"}],"wp:featuredmedia":[{"embeddable":true,"href":"https:\/\/la-grave.com\/en\/wp-json\/wp\/v2\/media\/23"}],"wp:attachment":[{"href":"https:\/\/la-grave.com\/en\/wp-json\/wp\/v2\/media?parent=1644"}],"curies":[{"name":"wp","href":"https:\/\/api.w.org\/{rel}","templated":true}]}}