{"id":1737,"date":"2020-05-02T13:19:16","date_gmt":"2020-05-02T11:19:16","guid":{"rendered":"http:\/\/v4.la-grave.com\/?page_id=1737"},"modified":"2025-10-17T11:10:27","modified_gmt":"2025-10-17T09:10:27","slug":"ete-domaine-haute-montagne-accessible","status":"publish","type":"page","link":"https:\/\/la-grave.com\/en\/ete-domaine-haute-montagne-accessible\/","title":{"rendered":"Summer &#8211; High Mountain Area"},"content":{"rendered":"<h2>For a great day out at high altitude&#8230;<\/h2>\r\n<p>You&#8217;re in a high-mountain area, sometimes in the Ecrins National Park.<\/p>\r\n<p>Help us preserve them by leaving no trace of your visit:<br \/>&#8211; Photograph, smell, but don&#8217;t pick the flowers<br \/>&#8211; Put your rubbish in the bins at the cable car stations<br \/>&#8211; Don&#8217;t make noise or light fires<br \/>&#8211; Do not ride mountain bikes in the National Park<\/p>\r\n<p>You may even spot chamois and marmots.<\/p>\r\n<h3>A few tips&#8230;<\/h3>\r\n<ul>\r\n<li>Be careful about the routes you take, and tell someone close to you where you are going.<\/li>\r\n<li>On the glacier, don&#8217;t walk around without ropes or mountaineering equipment, as you run the risk of falling into crevasses.<\/li>\r\n<li>Keep an eye on the times and the weather You are at 3200 m, and the weather can change abruptly.<\/li>\r\n<li>For yourself and your children, remember to apply sun cream regularly and wear sunglasses.<\/li>\r\n<li>Children under the age of 2 are advised not to go to high altitudes: 1800m of ascent in 30 minutes is not the same as driving over the Col du Lautaret or flying in a plane with a pressurised cabin (equivalent to an altitude of 2000m).<\/li>\r\n<\/ul>\r\n<p style=\"text-align: center;\"><a href=\"https:\/\/la-grave.com\/wp-content\/uploads\/2020\/05\/plan-ete_carre.jpg\" target=\"_blank\" rel=\"noopener noreferrer\"><img fetchpriority=\"high\" decoding=\"async\" class=\"alignnone wp-image-1883 size-medium\" src=\"https:\/\/la-grave.com\/wp-content\/uploads\/2020\/05\/plan-ete_carre-275x300.jpg\" alt=\"\" width=\"275\" height=\"300\" srcset=\"https:\/\/la-grave.com\/wp-content\/uploads\/2020\/05\/plan-ete_carre-275x300.jpg 275w, https:\/\/la-grave.com\/wp-content\/uploads\/2020\/05\/plan-ete_carre-939x1024.jpg 939w, https:\/\/la-grave.com\/wp-content\/uploads\/2020\/05\/plan-ete_carre-768x837.jpg 768w, https:\/\/la-grave.com\/wp-content\/uploads\/2020\/05\/plan-ete_carre-440x480.jpg 440w, https:\/\/la-grave.com\/wp-content\/uploads\/2020\/05\/plan-ete_carre-960x1046.jpg 960w, https:\/\/la-grave.com\/wp-content\/uploads\/2020\/05\/plan-ete_carre.jpg 1000w\" sizes=\"(max-width: 275px) 100vw, 275px\" \/><\/a><br \/>view the &#8220;Domain plan&#8221; in more detail<\/p>\r\n<p><\/p>\r\n<p><\/p>","protected":false},"excerpt":{"rendered":"<p>For a great day out at high altitude&#8230; You&#8217;re in a high-mountain area, sometimes in the Ecrins National Park. Help us preserve them by leaving no trace of your visit:&#8211; Photograph, smell, but don&#8217;t pick the flowers&#8211; Put your rubbish in the bins at the cable car stations&#8211; Don&#8217;t make noise or light fires&#8211; Do [&hellip;]<\/p>\n","protected":false},"author":1,"featured_media":27,"parent":0,"menu_order":0,"comment_status":"closed","ping_status":"closed","template":"","meta":{"footnotes":""},"class_list":["post-1737","page","type-page","status-publish","has-post-thumbnail","hentry"],"translation":{"provider":"WPGlobus","version":"3.0.2","language":"en","enabled_languages":["fr","en"],"languages":{"fr":{"title":true,"content":true,"excerpt":false},"en":{"title":true,"content":true,"excerpt":false}}},"yoast_head":"<!-- This site is optimized with the Yoast SEO plugin v27.5 - https:\/\/yoast.com\/product\/yoast-seo-wordpress\/ -->\n<title>Summer - High Mountain Area - La Grave<\/title>\n<meta name=\"robots\" content=\"index, follow, max-snippet:-1, max-image-preview:large, max-video-preview:-1\" \/>\n<link rel=\"canonical\" href=\"https:\/\/la-grave.com\/ete-domaine-haute-montagne-accessible\/\" \/>\n<meta property=\"og:locale\" content=\"en_US\" \/>\n<meta property=\"og:type\" content=\"article\" \/>\n<meta property=\"og:title\" content=\"Summer - High Mountain Area - La Grave\" \/>\n<meta property=\"og:url\" content=\"https:\/\/la-grave.com\/ete-domaine-haute-montagne-accessible\/\" \/>\n<meta property=\"og:site_name\" content=\"La Grave\" \/>\n<meta property=\"article:modified_time\" content=\"2025-10-17T09:10:27+00:00\" \/>\n<meta property=\"og:image\" content=\"https:\/\/la-grave.com\/wp-content\/uploads\/2020\/05\/ete_haute-altitude.jpg\" \/>\n\t<meta property=\"og:image:width\" content=\"2000\" \/>\n\t<meta property=\"og:image:height\" content=\"1125\" \/>\n\t<meta property=\"og:image:type\" content=\"image\/jpeg\" \/>\n<meta name=\"twitter:card\" content=\"summary_large_image\" \/>\n<meta name=\"twitter:label1\" content=\"Est. reading time\" \/>\n\t<meta name=\"twitter:data1\" content=\"2 minutes\" \/>\n<script type=\"application\/ld+json\" class=\"yoast-schema-graph\">{\"@context\":\"https:\\\/\\\/schema.org\",\"@graph\":[{\"@type\":\"WebPage\",\"@id\":\"https:\\\/\\\/la-grave.com\\\/ete-domaine-haute-montagne-accessible\\\/\",\"url\":\"https:\\\/\\\/la-grave.com\\\/ete-domaine-haute-montagne-accessible\\\/\",\"name\":\"Summer - High Mountain Area - La Grave\",\"isPartOf\":{\"@id\":\"https:\\\/\\\/la-grave.com\\\/#website\"},\"primaryImageOfPage\":{\"@id\":\"https:\\\/\\\/la-grave.com\\\/ete-domaine-haute-montagne-accessible\\\/#primaryimage\"},\"image\":{\"@id\":\"https:\\\/\\\/la-grave.com\\\/ete-domaine-haute-montagne-accessible\\\/#primaryimage\"},\"thumbnailUrl\":\"https:\\\/\\\/la-grave.com\\\/wp-content\\\/uploads\\\/2020\\\/05\\\/ete_haute-altitude.jpg\",\"datePublished\":\"2020-05-02T11:19:16+00:00\",\"dateModified\":\"2025-10-17T09:10:27+00:00\",\"description\":\"Pour passer une tr\u00e8s bonne journ\u00e9e en haute-altitude...Vous \u00eates dans un site de haute-montagne, parfois dans le parc national des \u00e9crins.\",\"breadcrumb\":{\"@id\":\"https:\\\/\\\/la-grave.com\\\/ete-domaine-haute-montagne-accessible\\\/#breadcrumb\"},\"inLanguage\":\"en-US\",\"potentialAction\":[{\"@type\":\"ReadAction\",\"target\":[\"https:\\\/\\\/la-grave.com\\\/ete-domaine-haute-montagne-accessible\\\/\"]}]},{\"@type\":\"ImageObject\",\"inLanguage\":\"en-US\",\"@id\":\"https:\\\/\\\/la-grave.com\\\/ete-domaine-haute-montagne-accessible\\\/#primaryimage\",\"url\":\"https:\\\/\\\/la-grave.com\\\/wp-content\\\/uploads\\\/2020\\\/05\\\/ete_haute-altitude.jpg\",\"contentUrl\":\"https:\\\/\\\/la-grave.com\\\/wp-content\\\/uploads\\\/2020\\\/05\\\/ete_haute-altitude.jpg\",\"width\":2000,\"height\":1125},{\"@type\":\"BreadcrumbList\",\"@id\":\"https:\\\/\\\/la-grave.com\\\/ete-domaine-haute-montagne-accessible\\\/#breadcrumb\",\"itemListElement\":[{\"@type\":\"ListItem\",\"position\":1,\"name\":\"Accueil\",\"item\":\"https:\\\/\\\/la-grave.com\\\/\"},{\"@type\":\"ListItem\",\"position\":2,\"name\":\"Ete &#8211; Le domaine accessible\"}]},{\"@type\":\"WebSite\",\"@id\":\"https:\\\/\\\/la-grave.com\\\/#website\",\"url\":\"https:\\\/\\\/la-grave.com\\\/\",\"name\":\"La Grave\",\"description\":\"One signposted route, the rest is up to you!\",\"potentialAction\":[{\"@type\":\"SearchAction\",\"target\":{\"@type\":\"EntryPoint\",\"urlTemplate\":\"https:\\\/\\\/la-grave.com\\\/?s={search_term_string}\"},\"query-input\":{\"@type\":\"PropertyValueSpecification\",\"valueRequired\":true,\"valueName\":\"search_term_string\"}}],\"inLanguage\":\"en-US\"}]}<\/script>\n<!-- \/ Yoast SEO plugin. -->","yoast_head_json":{"title":"Summer - High Mountain Area - La Grave","robots":{"index":"index","follow":"follow","max-snippet":"max-snippet:-1","max-image-preview":"max-image-preview:large","max-video-preview":"max-video-preview:-1"},"canonical":"https:\/\/la-grave.com\/ete-domaine-haute-montagne-accessible\/","og_locale":"en_US","og_type":"article","og_title":"Summer - High Mountain Area - La Grave","og_url":"https:\/\/la-grave.com\/ete-domaine-haute-montagne-accessible\/","og_site_name":"La Grave","article_modified_time":"2025-10-17T09:10:27+00:00","og_image":[{"width":2000,"height":1125,"url":"https:\/\/la-grave.com\/wp-content\/uploads\/2020\/05\/ete_haute-altitude.jpg","type":"image\/jpeg"}],"twitter_card":"summary_large_image","twitter_misc":{"Est. reading time":"2 minutes"},"schema":{"@context":"https:\/\/schema.org","@graph":[{"@type":"WebPage","@id":"https:\/\/la-grave.com\/ete-domaine-haute-montagne-accessible\/","url":"https:\/\/la-grave.com\/ete-domaine-haute-montagne-accessible\/","name":"Summer - High Mountain Area - La Grave","isPartOf":{"@id":"https:\/\/la-grave.com\/#website"},"primaryImageOfPage":{"@id":"https:\/\/la-grave.com\/ete-domaine-haute-montagne-accessible\/#primaryimage"},"image":{"@id":"https:\/\/la-grave.com\/ete-domaine-haute-montagne-accessible\/#primaryimage"},"thumbnailUrl":"https:\/\/la-grave.com\/wp-content\/uploads\/2020\/05\/ete_haute-altitude.jpg","datePublished":"2020-05-02T11:19:16+00:00","dateModified":"2025-10-17T09:10:27+00:00","description":"Pour passer une tr\u00e8s bonne journ\u00e9e en haute-altitude...Vous \u00eates dans un site de haute-montagne, parfois dans le parc national des \u00e9crins.","breadcrumb":{"@id":"https:\/\/la-grave.com\/ete-domaine-haute-montagne-accessible\/#breadcrumb"},"inLanguage":"en-US","potentialAction":[{"@type":"ReadAction","target":["https:\/\/la-grave.com\/ete-domaine-haute-montagne-accessible\/"]}]},{"@type":"ImageObject","inLanguage":"en-US","@id":"https:\/\/la-grave.com\/ete-domaine-haute-montagne-accessible\/#primaryimage","url":"https:\/\/la-grave.com\/wp-content\/uploads\/2020\/05\/ete_haute-altitude.jpg","contentUrl":"https:\/\/la-grave.com\/wp-content\/uploads\/2020\/05\/ete_haute-altitude.jpg","width":2000,"height":1125},{"@type":"BreadcrumbList","@id":"https:\/\/la-grave.com\/ete-domaine-haute-montagne-accessible\/#breadcrumb","itemListElement":[{"@type":"ListItem","position":1,"name":"Accueil","item":"https:\/\/la-grave.com\/"},{"@type":"ListItem","position":2,"name":"Ete &#8211; Le domaine accessible"}]},{"@type":"WebSite","@id":"https:\/\/la-grave.com\/#website","url":"https:\/\/la-grave.com\/","name":"La Grave","description":"One signposted route, the rest is up to you!","potentialAction":[{"@type":"SearchAction","target":{"@type":"EntryPoint","urlTemplate":"https:\/\/la-grave.com\/?s={search_term_string}"},"query-input":{"@type":"PropertyValueSpecification","valueRequired":true,"valueName":"search_term_string"}}],"inLanguage":"en-US"}]}},"_links":{"self":[{"href":"https:\/\/la-grave.com\/en\/wp-json\/wp\/v2\/pages\/1737","targetHints":{"allow":["GET"]}}],"collection":[{"href":"https:\/\/la-grave.com\/en\/wp-json\/wp\/v2\/pages"}],"about":[{"href":"https:\/\/la-grave.com\/en\/wp-json\/wp\/v2\/types\/page"}],"author":[{"embeddable":true,"href":"https:\/\/la-grave.com\/en\/wp-json\/wp\/v2\/users\/1"}],"replies":[{"embeddable":true,"href":"https:\/\/la-grave.com\/en\/wp-json\/wp\/v2\/comments?post=1737"}],"version-history":[{"count":0,"href":"https:\/\/la-grave.com\/en\/wp-json\/wp\/v2\/pages\/1737\/revisions"}],"wp:featuredmedia":[{"embeddable":true,"href":"https:\/\/la-grave.com\/en\/wp-json\/wp\/v2\/media\/27"}],"wp:attachment":[{"href":"https:\/\/la-grave.com\/en\/wp-json\/wp\/v2\/media?parent=1737"}],"curies":[{"name":"wp","href":"https:\/\/api.w.org\/{rel}","templated":true}]}}