{"id":1998,"date":"2020-05-03T15:14:50","date_gmt":"2020-05-03T13:14:50","guid":{"rendered":"http:\/\/v4.la-grave.com\/?page_id=1998"},"modified":"2026-02-03T10:27:03","modified_gmt":"2026-02-03T09:27:03","slug":"conseils-patrouilleurs-conditions","status":"publish","type":"page","link":"https:\/\/la-grave.com\/en\/conseils-patrouilleurs-conditions\/","title":{"rendered":"Weather, Tips &#038; Conditions"},"content":{"rendered":"<style>\r\n.blinking{\r\n\tanimation:blinkingText 1.9s infinite;\r\n}\r\n@keyframes blinkingText{\r\n\t0%{\tcolor: #FFCC33;\t}\r\n\t49%{\tcolor: #fa8100;\t}\r\n\t50%{\tcolor: #FFCC33;\t}\r\n\t99%{\tcolor:#fa8100;\t}\r\n\t100%{\tcolor: #FFCC33;\t}\r\n}\r\n<\/style><!-- h1> Flux xml =>  <= <\/h1>\r\n<h1>Saison d\u00e9finie par le $xml : =>  <=<\/h1 -->\r\n \r\n        \t\r\n<h2 class=\"rich-text block-editor-rich-text__editable\" role=\"textbox\" contenteditable=\"true\" aria-multiline=\"true\" aria-label=\"R\u00e9digez un titre\u2026\">Observations, Conditions nivo-m\u00e9t\u00e9orologiques &amp; Tips of the day\u2026<\/h2>\r\n\r\n\r\n<hr class=\"wp-block-separator has-text-color has-background has-luminous-vivid-orange-background-color has-luminous-vivid-orange-color is-style-thin is-style-dots\">\r\n\r\n\r\n\r\n<div class=\"wp-block-columns\">\r\n\r\n<div class=\"wp-block-column\" style=\"flex-basis:66%\">\r\n<h6>Observation : 20\/04\/2026 - 09:04:07 at 3200<\/h6>\r\nSky : <b><\/b> | Visibility : <b> Perfect <\/b><br\/>\r\nTemperature : <b>-2\u00b0C<\/b> <br \/>             \r\nWindspeed : <b>20 Km\/h<\/b> | Direction : <b>Ouest<\/b><br\/>\r\nWindchill : <b>\r\n\r\n-8\u00b0C\r\n<\/b><br \/>\r\n<b>Last snowfall :<\/b> 13\/04\/2026 - High : <b>10cm<\/b><br\/>\r\n\r\n<\/div>\r\n\r\n\r\n\r\n<div class=\"wp-block-column\"><style>\r\n.blinking{\r\n\tanimation:blinkingText 1.9s infinite;\r\n}\r\n@keyframes blinkingText{\r\n\t0%{\tcolor: #FFCC33;\t}\r\n\t49%{\tcolor: #fa8100;\t}\r\n\t50%{\tcolor: #FFCC33;\t}\r\n\t99%{\tcolor:#fa8100;\t}\r\n\t100%{\tcolor: #FFCC33;\t}\r\n}\r\n<\/style><h6>Lift status : <\/h6>\r\nUp to 2400m : <b><span  style=\" color : #993333;\"><i class=\"fa fa-toggle-off fa-2x\" aria-hidden=\"true\"><\/i><\/span><\/b><br\/>\r\n\r\nUp to 3200m : <b><span  style=\" color : #993333;\"><i class=\"fa fa-toggle-off fa-2x\" aria-hidden=\"true\"><\/i><\/span><\/b>\r\n\r\n\r\n<br\/>Up to 3600m : <b><span  style=\" color : #993333;\"><i class=\"fa fa-toggle-off fa-2x\" aria-hidden=\"true\"><\/i><\/span><\/b>\r\n<\/div>\r\n<\/div>\r\n\r\n\r\n\r\n<hr class=\"wp-block-separator has-text-color has-background has-luminous-vivid-orange-background-color has-luminous-vivid-orange-color is-style-thin is-style-dots\">\r\n\r\n\r\n\r\n<div class=\"wp-block-columns\">\r\n<div class=\"wp-block-column\" style=\"flex-basis:25%\">\r\n<div class=\"wp-block-group\"><div class=\"wp-block-group__inner-container\">\r\n<div class=\"wp-block-group\"><div class=\"wp-block-group__inner-container\">\r\n<h4>Local avalanche Risk estimated :<\/h4>\r\n<p align=\"center\"><a href=\"https:\/\/meteofrance.com\/meteo-montagne\/la-grave-la-meije\/050631\" target=\"_blank\"><img decoding=\"async\" src=\"https:\/\/www.la-grave.com\/live_other\/R2_trans.png\" width=\"50%\" alt=\"Avalanche Risque 2 - Limit\u00e9\" border=\"0\" \/><\/a><\/p><br\/>\r\n<\/div><\/div>\r\n<\/div><\/div>\r\n<\/div>\r\n\r\n\r\n\r\n<div class=\"wp-block-column\" style=\"flex-basis:50%\">\r\n<div class=\"wp-block-group\"><div class=\"wp-block-group__inner-container\">\r\n<div class=\"wp-block-group\"><div class=\"wp-block-group__inner-container\">\r\n<h4><img decoding=\"async\" class=\"alignnone size-full wp-image-1932\" src=\"https:\/\/la-grave.com\/wp-content\/uploads\/2020\/05\/pasa.png\" alt=\"\" width=\"65\" height=\"42\"> Patrouilleurs advices :<\/h4><li\/> SPRING CYCLE : Before the warm part of the day expect hard snow. Once warm the snow will rapidly so<br \/><li\/> hard snow in couloirs (beware if you fall)<br \/><li\/> Beware of the rising temperatures during the day (Snow slides possible).<br \/><li\/> On the glacier skiing with harness! Learn about glacier evolution techniques!<br \/><br\/>------------<br\/>Do not forget DVA-Shovel-Probe.<br \/>Do not ski alone.<br \/>Do not fallow tracks if you don't know where they lead...<\/div><\/div>\r\n<\/div><\/div>\r\n<\/div>\r\n\t\r\n<div class=\"wp-block-column\" style=\"flex-basis:25%\">\r\n<div class=\"wp-block-group\"><div class=\"wp-block-group__inner-container\">\r\n<div class=\"wp-block-group\"><div class=\"wp-block-group__inner-container\">\t\r\n<h4>Automatic Network Nivose M\u00e9t\u00e9oFrance :<\/h4>\r\n<p align=\"center\"><a href=\"https:\/\/la-grave.com\/live_other\/nivose.php\" target=\"_blank\" title=\"Balise Nivose 7 Jours\" alt=\"Balise Nivose 7 Jours\"><img decoding=\"async\" src=\"https:\/\/la-grave.com\/live_other\/nivose.php\" width=\"150\"  border=\"0\"\/><\/a><\/p><br\/>\r\n\t\r\n\t<\/div>\r\n<\/div>\r\n<\/div>\r\n\t<\/div><\/div>\r\n\t\r\n\t\t<\/div>\t\r\n\r\n\r\n\r\n<p><\/p>\r\n<p><\/p>\r\n<p><\/p>\r\n<p class=\"is-layout-flow wp-block-column-is-layout-flow\"><\/p>\r\n<p><\/p>\r\n<p><\/p>\r\n<p><!-- \/wp:post-content --><\/p>\r\n<p><!-- wp:separator {\"opacity\":\"css\",\"backgroundColor\":\"luminous-vivid-orange\",\"className\":\"is-style-thin is-style-dots\"} --><\/p>\r\n<p><!-- \/wp:separator --><\/p>\r\n<p><!-- wp:columns --><\/p>\r\n<p><!-- wp:column {\"width\":\"25%\"} --><\/p>\r\n<p><!-- wp:group --><\/p>\r\n<p><!-- wp:group --><\/p>\r\n<p><!-- \/wp:group --><\/p>\r\n<p><!-- \/wp:group --><\/p>\r\n<p><!-- \/wp:column --><\/p>\r\n<p><!-- wp:column {\"width\":\"50%\"} --><\/p>\r\n<p><!-- wp:group --><\/p>\r\n<p><!-- wp:group --><\/p>\r\n<p><!-- \/wp:group --><\/p>\r\n<p><!-- \/wp:group --><\/p>\r\n<p><!-- \/wp:column --><\/p>\r\n<p><!-- wp:column {\"width\":\"25%\"} --><\/p>\r\n<p><!-- wp:group --><\/p>\r\n<p><!-- \/wp:group --><\/p>\r\n<p><!-- \/wp:column --><\/p>\r\n<p><!-- \/wp:columns --><\/p>\r\n<p><!-- wp:separator {\"opacity\":\"css\",\"backgroundColor\":\"luminous-vivid-orange\",\"className\":\"is-style-thin is-style-dots\"} --><\/p>\r\n<hr \/>\r\n<p><!-- \/wp:separator --><\/p>\r\n<p><!-- wp:heading {\"level\":4} --><\/p>\r\n<h4>M\u00e9t\u00e9oFrance observation of the last 7 days in Oisans<\/h4>\r\n<p><!-- \/wp:heading --><\/p>\r\n<p><!-- wp:image {\"sizeSlug\":\"large\",\"linkDestination\":\"media\"} --><\/p>\r\n<figure><img decoding=\"async\" src=\"https:\/\/www.la-grave.com\/live_other\/img\/sept_derniers_jours_15.png\" alt=\"\" \/><\/figure>\r\n<p><!-- \/wp:image --><\/p>\r\n<p><!-- wp:separator {\"opacity\":\"css\"} --><\/p>\r\n<hr \/>\r\n<p><!-- \/wp:separator --><\/p>\r\n<p style=\"text-align: center;\">Find everything about La Grave on your mobile:<br \/><a href=\"https:\/\/tosto.re\/lagrave\" target=\"_blank\" rel=\"noopener noreferrer\"><img decoding=\"async\" src=\"https:\/\/la-grave.com\/wp-content\/uploads\/2020\/05\/appstore.png\" alt=\"\" width=\"250\" height=\"45\" \/><\/a><\/p>\r\n<p><meta http-equiv=\"Refresh\" content=\"60\"><\/p>","protected":false},"excerpt":{"rendered":"<p>M\u00e9t\u00e9oFrance observation of the last 7 days in Oisans Find everything about La Grave on your mobile:<\/p>\n","protected":false},"author":1,"featured_media":1896,"parent":0,"menu_order":0,"comment_status":"closed","ping_status":"closed","template":"","meta":{"footnotes":""},"class_list":["post-1998","page","type-page","status-publish","has-post-thumbnail","hentry"],"translation":{"provider":"WPGlobus","version":"3.0.2","language":"en","enabled_languages":["fr","en"],"languages":{"fr":{"title":true,"content":true,"excerpt":false},"en":{"title":true,"content":true,"excerpt":false}}},"yoast_head":"<!-- This site is optimized with the Yoast SEO plugin v27.4 - https:\/\/yoast.com\/product\/yoast-seo-wordpress\/ -->\n<title>Weather, Tips &amp; Conditions - La Grave<\/title>\n<meta name=\"robots\" content=\"index, follow, max-snippet:-1, max-image-preview:large, max-video-preview:-1\" \/>\n<link rel=\"canonical\" href=\"https:\/\/la-grave.com\/conseils-patrouilleurs-conditions\/\" \/>\n<meta property=\"og:locale\" content=\"en_US\" \/>\n<meta property=\"og:type\" content=\"article\" \/>\n<meta property=\"og:title\" content=\"Weather, Tips &amp; Conditions - La Grave\" \/>\n<meta property=\"og:url\" content=\"https:\/\/la-grave.com\/conseils-patrouilleurs-conditions\/\" \/>\n<meta property=\"og:site_name\" content=\"La Grave\" \/>\n<meta property=\"article:modified_time\" content=\"2026-02-03T09:27:03+00:00\" \/>\n<meta property=\"og:image\" content=\"https:\/\/la-grave.com\/wp-content\/uploads\/2020\/05\/D2D_2103_DxO-scaled.jpg\" \/>\n\t<meta property=\"og:image:width\" content=\"2560\" \/>\n\t<meta property=\"og:image:height\" content=\"1714\" \/>\n\t<meta property=\"og:image:type\" content=\"image\/jpeg\" \/>\n<meta name=\"twitter:card\" content=\"summary_large_image\" \/>\n<meta name=\"twitter:label1\" content=\"Est. reading time\" \/>\n\t<meta name=\"twitter:data1\" content=\"2 minutes\" \/>\n<script type=\"application\/ld+json\" class=\"yoast-schema-graph\">{\"@context\":\"https:\\\/\\\/schema.org\",\"@graph\":[{\"@type\":\"WebPage\",\"@id\":\"https:\\\/\\\/la-grave.com\\\/conseils-patrouilleurs-conditions\\\/\",\"url\":\"https:\\\/\\\/la-grave.com\\\/conseils-patrouilleurs-conditions\\\/\",\"name\":\"Weather, Tips & Conditions - La Grave\",\"isPartOf\":{\"@id\":\"https:\\\/\\\/la-grave.com\\\/#website\"},\"primaryImageOfPage\":{\"@id\":\"https:\\\/\\\/la-grave.com\\\/conseils-patrouilleurs-conditions\\\/#primaryimage\"},\"image\":{\"@id\":\"https:\\\/\\\/la-grave.com\\\/conseils-patrouilleurs-conditions\\\/#primaryimage\"},\"thumbnailUrl\":\"https:\\\/\\\/la-grave.com\\\/wp-content\\\/uploads\\\/2020\\\/05\\\/D2D_2103_DxO-scaled.jpg\",\"datePublished\":\"2020-05-03T13:14:50+00:00\",\"dateModified\":\"2026-02-03T09:27:03+00:00\",\"description\":\"Observations M\u00e9t\u00e9o, Neige & Conseils du jour... Pour que votre journ\u00e9e se passe au mieux, retrouvez les informations du jour.\",\"breadcrumb\":{\"@id\":\"https:\\\/\\\/la-grave.com\\\/conseils-patrouilleurs-conditions\\\/#breadcrumb\"},\"inLanguage\":\"en-US\",\"potentialAction\":[{\"@type\":\"ReadAction\",\"target\":[\"https:\\\/\\\/la-grave.com\\\/conseils-patrouilleurs-conditions\\\/\"]}]},{\"@type\":\"ImageObject\",\"inLanguage\":\"en-US\",\"@id\":\"https:\\\/\\\/la-grave.com\\\/conseils-patrouilleurs-conditions\\\/#primaryimage\",\"url\":\"https:\\\/\\\/la-grave.com\\\/wp-content\\\/uploads\\\/2020\\\/05\\\/D2D_2103_DxO-scaled.jpg\",\"contentUrl\":\"https:\\\/\\\/la-grave.com\\\/wp-content\\\/uploads\\\/2020\\\/05\\\/D2D_2103_DxO-scaled.jpg\",\"width\":2560,\"height\":1714},{\"@type\":\"BreadcrumbList\",\"@id\":\"https:\\\/\\\/la-grave.com\\\/conseils-patrouilleurs-conditions\\\/#breadcrumb\",\"itemListElement\":[{\"@type\":\"ListItem\",\"position\":1,\"name\":\"Accueil\",\"item\":\"https:\\\/\\\/la-grave.com\\\/\"},{\"@type\":\"ListItem\",\"position\":2,\"name\":\"M\u00e9teo, Conseils et Conditions\u2026\"}]},{\"@type\":\"WebSite\",\"@id\":\"https:\\\/\\\/la-grave.com\\\/#website\",\"url\":\"https:\\\/\\\/la-grave.com\\\/\",\"name\":\"La Grave\",\"description\":\"One signposted route, the rest is up to you!\",\"potentialAction\":[{\"@type\":\"SearchAction\",\"target\":{\"@type\":\"EntryPoint\",\"urlTemplate\":\"https:\\\/\\\/la-grave.com\\\/?s={search_term_string}\"},\"query-input\":{\"@type\":\"PropertyValueSpecification\",\"valueRequired\":true,\"valueName\":\"search_term_string\"}}],\"inLanguage\":\"en-US\"}]}<\/script>\n<!-- \/ Yoast SEO plugin. -->","yoast_head_json":{"title":"Weather, Tips & Conditions - La Grave","robots":{"index":"index","follow":"follow","max-snippet":"max-snippet:-1","max-image-preview":"max-image-preview:large","max-video-preview":"max-video-preview:-1"},"canonical":"https:\/\/la-grave.com\/conseils-patrouilleurs-conditions\/","og_locale":"en_US","og_type":"article","og_title":"Weather, Tips & Conditions - La Grave","og_url":"https:\/\/la-grave.com\/conseils-patrouilleurs-conditions\/","og_site_name":"La Grave","article_modified_time":"2026-02-03T09:27:03+00:00","og_image":[{"width":2560,"height":1714,"url":"https:\/\/la-grave.com\/wp-content\/uploads\/2020\/05\/D2D_2103_DxO-scaled.jpg","type":"image\/jpeg"}],"twitter_card":"summary_large_image","twitter_misc":{"Est. reading time":"2 minutes"},"schema":{"@context":"https:\/\/schema.org","@graph":[{"@type":"WebPage","@id":"https:\/\/la-grave.com\/conseils-patrouilleurs-conditions\/","url":"https:\/\/la-grave.com\/conseils-patrouilleurs-conditions\/","name":"Weather, Tips & Conditions - La Grave","isPartOf":{"@id":"https:\/\/la-grave.com\/#website"},"primaryImageOfPage":{"@id":"https:\/\/la-grave.com\/conseils-patrouilleurs-conditions\/#primaryimage"},"image":{"@id":"https:\/\/la-grave.com\/conseils-patrouilleurs-conditions\/#primaryimage"},"thumbnailUrl":"https:\/\/la-grave.com\/wp-content\/uploads\/2020\/05\/D2D_2103_DxO-scaled.jpg","datePublished":"2020-05-03T13:14:50+00:00","dateModified":"2026-02-03T09:27:03+00:00","description":"Observations M\u00e9t\u00e9o, Neige & Conseils du jour... Pour que votre journ\u00e9e se passe au mieux, retrouvez les informations du jour.","breadcrumb":{"@id":"https:\/\/la-grave.com\/conseils-patrouilleurs-conditions\/#breadcrumb"},"inLanguage":"en-US","potentialAction":[{"@type":"ReadAction","target":["https:\/\/la-grave.com\/conseils-patrouilleurs-conditions\/"]}]},{"@type":"ImageObject","inLanguage":"en-US","@id":"https:\/\/la-grave.com\/conseils-patrouilleurs-conditions\/#primaryimage","url":"https:\/\/la-grave.com\/wp-content\/uploads\/2020\/05\/D2D_2103_DxO-scaled.jpg","contentUrl":"https:\/\/la-grave.com\/wp-content\/uploads\/2020\/05\/D2D_2103_DxO-scaled.jpg","width":2560,"height":1714},{"@type":"BreadcrumbList","@id":"https:\/\/la-grave.com\/conseils-patrouilleurs-conditions\/#breadcrumb","itemListElement":[{"@type":"ListItem","position":1,"name":"Accueil","item":"https:\/\/la-grave.com\/"},{"@type":"ListItem","position":2,"name":"M\u00e9teo, Conseils et Conditions\u2026"}]},{"@type":"WebSite","@id":"https:\/\/la-grave.com\/#website","url":"https:\/\/la-grave.com\/","name":"La Grave","description":"One signposted route, the rest is up to you!","potentialAction":[{"@type":"SearchAction","target":{"@type":"EntryPoint","urlTemplate":"https:\/\/la-grave.com\/?s={search_term_string}"},"query-input":{"@type":"PropertyValueSpecification","valueRequired":true,"valueName":"search_term_string"}}],"inLanguage":"en-US"}]}},"_links":{"self":[{"href":"https:\/\/la-grave.com\/en\/wp-json\/wp\/v2\/pages\/1998","targetHints":{"allow":["GET"]}}],"collection":[{"href":"https:\/\/la-grave.com\/en\/wp-json\/wp\/v2\/pages"}],"about":[{"href":"https:\/\/la-grave.com\/en\/wp-json\/wp\/v2\/types\/page"}],"author":[{"embeddable":true,"href":"https:\/\/la-grave.com\/en\/wp-json\/wp\/v2\/users\/1"}],"replies":[{"embeddable":true,"href":"https:\/\/la-grave.com\/en\/wp-json\/wp\/v2\/comments?post=1998"}],"version-history":[{"count":5,"href":"https:\/\/la-grave.com\/en\/wp-json\/wp\/v2\/pages\/1998\/revisions"}],"predecessor-version":[{"id":22337,"href":"https:\/\/la-grave.com\/en\/wp-json\/wp\/v2\/pages\/1998\/revisions\/22337"}],"wp:featuredmedia":[{"embeddable":true,"href":"https:\/\/la-grave.com\/en\/wp-json\/wp\/v2\/media\/1896"}],"wp:attachment":[{"href":"https:\/\/la-grave.com\/en\/wp-json\/wp\/v2\/media?parent=1998"}],"curies":[{"name":"wp","href":"https:\/\/api.w.org\/{rel}","templated":true}]}}