{"id":22346,"date":"2025-12-30T10:45:14","date_gmt":"2025-12-30T09:45:14","guid":{"rendered":"https:\/\/la-grave.com\/?page_id=22346"},"modified":"2025-12-30T11:19:54","modified_gmt":"2025-12-30T10:19:54","slug":"la_cabine_3200","status":"publish","type":"page","link":"https:\/\/la-grave.com\/en\/la_cabine_3200\/","title":{"rendered":"La Cabine Restaurant"},"content":{"rendered":"<h2>Eating face to the glacier&#8230;<\/h2>\n<p>The restaurant La Cabine de 3200m will welcomes you at the top of the cable-car.<br \/>\nFacing the glaciers, the restaurant, ist terrace,\u00a0offer panoramic views, perfect for a gourmet break.<br \/>\nBaked and cooked on site by our Team using many local products as possible, depending on season availability , come and enjoy a meal and take the time to savour the experience with all your senses.<\/p>\n<p>Tartiflette, local goat&#8217;s cheese salad, dish of the day, vegetarian stir-fry, pizzas&#8230; you&#8217;re sure to find something to delight your taste buds.<\/p>\n<ul>\n<li><a href=\"https:\/\/la-grave.com\/docs\/LaCabinede3200_LaCarte.pdf\" target=\"_blank\" rel=\"noopener\">Download the menu<\/a><\/li>\n<\/ul>\n<p style=\"text-align: center;\"><a href=\"https:\/\/la-grave.com\/wp-content\/uploads\/2025\/12\/la-terrasse-panoramique.jpg\"><img decoding=\"async\" class=\"alignnone size-medium wp-image-22350\" src=\"https:\/\/la-grave.com\/wp-content\/uploads\/2025\/12\/la-terrasse-panoramique-300x157.jpg\" alt=\"\" width=\"300\" height=\"157\" srcset=\"https:\/\/la-grave.com\/wp-content\/uploads\/2025\/12\/la-terrasse-panoramique-300x157.jpg 300w, https:\/\/la-grave.com\/wp-content\/uploads\/2025\/12\/la-terrasse-panoramique-768x402.jpg 768w, https:\/\/la-grave.com\/wp-content\/uploads\/2025\/12\/la-terrasse-panoramique-440x230.jpg 440w, https:\/\/la-grave.com\/wp-content\/uploads\/2025\/12\/la-terrasse-panoramique.jpg 900w\" sizes=\"(max-width: 300px) 100vw, 300px\" \/><\/a><a href=\"https:\/\/la-grave.com\/wp-content\/uploads\/2020\/05\/D2D_2103_DxO-scaled.jpg\"> <img decoding=\"async\" class=\"alignnone wp-image-1896\" src=\"https:\/\/la-grave.com\/wp-content\/uploads\/2020\/05\/D2D_2103_DxO-300x201.jpg\" alt=\"\" width=\"234\" height=\"157\" srcset=\"https:\/\/la-grave.com\/wp-content\/uploads\/2020\/05\/D2D_2103_DxO-300x201.jpg 300w, https:\/\/la-grave.com\/wp-content\/uploads\/2020\/05\/D2D_2103_DxO-1024x685.jpg 1024w, https:\/\/la-grave.com\/wp-content\/uploads\/2020\/05\/D2D_2103_DxO-768x514.jpg 768w, https:\/\/la-grave.com\/wp-content\/uploads\/2020\/05\/D2D_2103_DxO-1536x1028.jpg 1536w, https:\/\/la-grave.com\/wp-content\/uploads\/2020\/05\/D2D_2103_DxO-2048x1371.jpg 2048w, https:\/\/la-grave.com\/wp-content\/uploads\/2020\/05\/D2D_2103_DxO-440x295.jpg 440w, https:\/\/la-grave.com\/wp-content\/uploads\/2020\/05\/D2D_2103_DxO-960x643.jpg 960w\" sizes=\"(max-width: 234px) 100vw, 234px\" \/><\/a><\/p>\n","protected":false},"excerpt":{"rendered":"<p>Eating face to the glacier&#8230; The restaurant La Cabine de 3200m will welcomes you at the top of the cable-car. Facing the glaciers, the restaurant, ist terrace,\u00a0offer panoramic views, perfect for a gourmet break. Baked and cooked on site by our Team using many local products as possible, depending on season availability , come and [&hellip;]<\/p>\n","protected":false},"author":1,"featured_media":1896,"parent":0,"menu_order":0,"comment_status":"closed","ping_status":"closed","template":"","meta":{"footnotes":""},"class_list":["post-22346","page","type-page","status-publish","has-post-thumbnail","hentry"],"translation":{"provider":"WPGlobus","version":"3.0.2","language":"en","enabled_languages":["fr","en"],"languages":{"fr":{"title":true,"content":true,"excerpt":false},"en":{"title":true,"content":true,"excerpt":false}}},"yoast_head":"<!-- This site is optimized with the Yoast SEO plugin v27.3 - https:\/\/yoast.com\/product\/yoast-seo-wordpress\/ -->\n<title>La Cabine Restaurant - La Grave<\/title>\n<meta name=\"robots\" content=\"index, follow, max-snippet:-1, max-image-preview:large, max-video-preview:-1\" \/>\n<link rel=\"canonical\" href=\"https:\/\/la-grave.com\/la_cabine_3200\/\" \/>\n<meta property=\"og:locale\" content=\"en_US\" \/>\n<meta property=\"og:type\" content=\"article\" \/>\n<meta property=\"og:title\" content=\"La Cabine Restaurant - La Grave\" \/>\n<meta property=\"og:url\" content=\"https:\/\/la-grave.com\/la_cabine_3200\/\" \/>\n<meta property=\"og:site_name\" content=\"La Grave\" \/>\n<meta property=\"article:modified_time\" content=\"2025-12-30T10:19:54+00:00\" \/>\n<meta property=\"og:image\" content=\"https:\/\/la-grave.com\/wp-content\/uploads\/2020\/05\/D2D_2103_DxO-scaled.jpg\" \/>\n\t<meta property=\"og:image:width\" content=\"2560\" \/>\n\t<meta property=\"og:image:height\" content=\"1714\" \/>\n\t<meta property=\"og:image:type\" content=\"image\/jpeg\" \/>\n<meta name=\"twitter:card\" content=\"summary_large_image\" \/>\n<meta name=\"twitter:label1\" content=\"Est. reading time\" \/>\n\t<meta name=\"twitter:data1\" content=\"2 minutes\" \/>\n<script type=\"application\/ld+json\" class=\"yoast-schema-graph\">{\"@context\":\"https:\\\/\\\/schema.org\",\"@graph\":[{\"@type\":\"WebPage\",\"@id\":\"https:\\\/\\\/la-grave.com\\\/la_cabine_3200\\\/\",\"url\":\"https:\\\/\\\/la-grave.com\\\/la_cabine_3200\\\/\",\"name\":\"La Cabine Restaurant - La Grave\",\"isPartOf\":{\"@id\":\"https:\\\/\\\/la-grave.com\\\/#website\"},\"primaryImageOfPage\":{\"@id\":\"https:\\\/\\\/la-grave.com\\\/la_cabine_3200\\\/#primaryimage\"},\"image\":{\"@id\":\"https:\\\/\\\/la-grave.com\\\/la_cabine_3200\\\/#primaryimage\"},\"thumbnailUrl\":\"https:\\\/\\\/la-grave.com\\\/wp-content\\\/uploads\\\/2020\\\/05\\\/D2D_2103_DxO-scaled.jpg\",\"datePublished\":\"2025-12-30T09:45:14+00:00\",\"dateModified\":\"2025-12-30T10:19:54+00:00\",\"description\":\"3 Gares, 3 Univers, une Ascension.La gare de 3200m situ\u00e9e au col des Ruillans est l'arriv\u00e9 du t\u00e9l\u00e9ph\u00e9rique. Face aux glaciers, le restaurant panoramique.\",\"breadcrumb\":{\"@id\":\"https:\\\/\\\/la-grave.com\\\/la_cabine_3200\\\/#breadcrumb\"},\"inLanguage\":\"en-US\",\"potentialAction\":[{\"@type\":\"ReadAction\",\"target\":[\"https:\\\/\\\/la-grave.com\\\/la_cabine_3200\\\/\"]}]},{\"@type\":\"ImageObject\",\"inLanguage\":\"en-US\",\"@id\":\"https:\\\/\\\/la-grave.com\\\/la_cabine_3200\\\/#primaryimage\",\"url\":\"https:\\\/\\\/la-grave.com\\\/wp-content\\\/uploads\\\/2020\\\/05\\\/D2D_2103_DxO-scaled.jpg\",\"contentUrl\":\"https:\\\/\\\/la-grave.com\\\/wp-content\\\/uploads\\\/2020\\\/05\\\/D2D_2103_DxO-scaled.jpg\",\"width\":2560,\"height\":1714},{\"@type\":\"BreadcrumbList\",\"@id\":\"https:\\\/\\\/la-grave.com\\\/la_cabine_3200\\\/#breadcrumb\",\"itemListElement\":[{\"@type\":\"ListItem\",\"position\":1,\"name\":\"Accueil\",\"item\":\"https:\\\/\\\/la-grave.com\\\/\"},{\"@type\":\"ListItem\",\"position\":2,\"name\":\"Restaurant La Cabine\"}]},{\"@type\":\"WebSite\",\"@id\":\"https:\\\/\\\/la-grave.com\\\/#website\",\"url\":\"https:\\\/\\\/la-grave.com\\\/\",\"name\":\"La Grave\",\"description\":\"One signposted route, the rest is up to you!\",\"potentialAction\":[{\"@type\":\"SearchAction\",\"target\":{\"@type\":\"EntryPoint\",\"urlTemplate\":\"https:\\\/\\\/la-grave.com\\\/?s={search_term_string}\"},\"query-input\":{\"@type\":\"PropertyValueSpecification\",\"valueRequired\":true,\"valueName\":\"search_term_string\"}}],\"inLanguage\":\"en-US\"}]}<\/script>\n<!-- \/ Yoast SEO plugin. -->","yoast_head_json":{"title":"La Cabine Restaurant - La Grave","robots":{"index":"index","follow":"follow","max-snippet":"max-snippet:-1","max-image-preview":"max-image-preview:large","max-video-preview":"max-video-preview:-1"},"canonical":"https:\/\/la-grave.com\/la_cabine_3200\/","og_locale":"en_US","og_type":"article","og_title":"La Cabine Restaurant - La Grave","og_url":"https:\/\/la-grave.com\/la_cabine_3200\/","og_site_name":"La Grave","article_modified_time":"2025-12-30T10:19:54+00:00","og_image":[{"width":2560,"height":1714,"url":"https:\/\/la-grave.com\/wp-content\/uploads\/2020\/05\/D2D_2103_DxO-scaled.jpg","type":"image\/jpeg"}],"twitter_card":"summary_large_image","twitter_misc":{"Est. reading time":"2 minutes"},"schema":{"@context":"https:\/\/schema.org","@graph":[{"@type":"WebPage","@id":"https:\/\/la-grave.com\/la_cabine_3200\/","url":"https:\/\/la-grave.com\/la_cabine_3200\/","name":"La Cabine Restaurant - La Grave","isPartOf":{"@id":"https:\/\/la-grave.com\/#website"},"primaryImageOfPage":{"@id":"https:\/\/la-grave.com\/la_cabine_3200\/#primaryimage"},"image":{"@id":"https:\/\/la-grave.com\/la_cabine_3200\/#primaryimage"},"thumbnailUrl":"https:\/\/la-grave.com\/wp-content\/uploads\/2020\/05\/D2D_2103_DxO-scaled.jpg","datePublished":"2025-12-30T09:45:14+00:00","dateModified":"2025-12-30T10:19:54+00:00","description":"3 Gares, 3 Univers, une Ascension.La gare de 3200m situ\u00e9e au col des Ruillans est l'arriv\u00e9 du t\u00e9l\u00e9ph\u00e9rique. Face aux glaciers, le restaurant panoramique.","breadcrumb":{"@id":"https:\/\/la-grave.com\/la_cabine_3200\/#breadcrumb"},"inLanguage":"en-US","potentialAction":[{"@type":"ReadAction","target":["https:\/\/la-grave.com\/la_cabine_3200\/"]}]},{"@type":"ImageObject","inLanguage":"en-US","@id":"https:\/\/la-grave.com\/la_cabine_3200\/#primaryimage","url":"https:\/\/la-grave.com\/wp-content\/uploads\/2020\/05\/D2D_2103_DxO-scaled.jpg","contentUrl":"https:\/\/la-grave.com\/wp-content\/uploads\/2020\/05\/D2D_2103_DxO-scaled.jpg","width":2560,"height":1714},{"@type":"BreadcrumbList","@id":"https:\/\/la-grave.com\/la_cabine_3200\/#breadcrumb","itemListElement":[{"@type":"ListItem","position":1,"name":"Accueil","item":"https:\/\/la-grave.com\/"},{"@type":"ListItem","position":2,"name":"Restaurant La Cabine"}]},{"@type":"WebSite","@id":"https:\/\/la-grave.com\/#website","url":"https:\/\/la-grave.com\/","name":"La Grave","description":"One signposted route, the rest is up to you!","potentialAction":[{"@type":"SearchAction","target":{"@type":"EntryPoint","urlTemplate":"https:\/\/la-grave.com\/?s={search_term_string}"},"query-input":{"@type":"PropertyValueSpecification","valueRequired":true,"valueName":"search_term_string"}}],"inLanguage":"en-US"}]}},"_links":{"self":[{"href":"https:\/\/la-grave.com\/en\/wp-json\/wp\/v2\/pages\/22346","targetHints":{"allow":["GET"]}}],"collection":[{"href":"https:\/\/la-grave.com\/en\/wp-json\/wp\/v2\/pages"}],"about":[{"href":"https:\/\/la-grave.com\/en\/wp-json\/wp\/v2\/types\/page"}],"author":[{"embeddable":true,"href":"https:\/\/la-grave.com\/en\/wp-json\/wp\/v2\/users\/1"}],"replies":[{"embeddable":true,"href":"https:\/\/la-grave.com\/en\/wp-json\/wp\/v2\/comments?post=22346"}],"version-history":[{"count":5,"href":"https:\/\/la-grave.com\/en\/wp-json\/wp\/v2\/pages\/22346\/revisions"}],"predecessor-version":[{"id":22356,"href":"https:\/\/la-grave.com\/en\/wp-json\/wp\/v2\/pages\/22346\/revisions\/22356"}],"wp:featuredmedia":[{"embeddable":true,"href":"https:\/\/la-grave.com\/en\/wp-json\/wp\/v2\/media\/1896"}],"wp:attachment":[{"href":"https:\/\/la-grave.com\/en\/wp-json\/wp\/v2\/media?parent=22346"}],"curies":[{"name":"wp","href":"https:\/\/api.w.org\/{rel}","templated":true}]}}