{"id":2466,"date":"2020-05-04T20:32:26","date_gmt":"2020-05-04T18:32:26","guid":{"rendered":"http:\/\/v4.la-grave.com\/?page_id=2466"},"modified":"2025-10-16T18:03:08","modified_gmt":"2025-10-16T16:03:08","slug":"nos-partenaires","status":"publish","type":"page","link":"https:\/\/la-grave.com\/en\/nos-partenaires\/","title":{"rendered":"Our expert partners&#8230;"},"content":{"rendered":"<p><\/p>\r\n<h4 class=\"wp-block-heading\">They bring us their expertise and La Grave serves as their laboratory&#8230;<\/h4>\r\n<p><\/p>\r\n<p><\/p>\r\n<p>A number of partners have joined us in our quest for better management of the risks inherent in our sporting and professional activities..<\/p>\r\n<p><\/p>\r\n<p><\/p>\r\n<p>They use the La Meije site as a laboratory to test their equipment and technology in real conditions. We use their products on a daily basis, so they&#8217;ll be worthy of your trust.<\/p>\r\n<p><\/p>\r\n<p><\/p>\r\n<div class=\"wp-block-media-text alignwide is-stacked-on-mobile is-vertically-aligned-top\">\r\n<figure class=\"wp-block-media-text__media\"><img fetchpriority=\"high\" decoding=\"async\" width=\"1024\" height=\"1024\" class=\"wp-image-2477 size-full\" src=\"https:\/\/la-grave.com\/wp-content\/uploads\/2020\/05\/80866856_1028658130827023_4150816771820674050_n-1024x1024.jpg\" alt=\"\" srcset=\"https:\/\/la-grave.com\/wp-content\/uploads\/2020\/05\/80866856_1028658130827023_4150816771820674050_n-1024x1024.jpg 1024w, https:\/\/la-grave.com\/wp-content\/uploads\/2020\/05\/80866856_1028658130827023_4150816771820674050_n-300x300.jpg 300w, https:\/\/la-grave.com\/wp-content\/uploads\/2020\/05\/80866856_1028658130827023_4150816771820674050_n-150x150.jpg 150w, https:\/\/la-grave.com\/wp-content\/uploads\/2020\/05\/80866856_1028658130827023_4150816771820674050_n-768x768.jpg 768w, https:\/\/la-grave.com\/wp-content\/uploads\/2020\/05\/80866856_1028658130827023_4150816771820674050_n-440x440.jpg 440w, https:\/\/la-grave.com\/wp-content\/uploads\/2020\/05\/80866856_1028658130827023_4150816771820674050_n-960x960.jpg 960w, https:\/\/la-grave.com\/wp-content\/uploads\/2020\/05\/80866856_1028658130827023_4150816771820674050_n-109x109.jpg 109w, https:\/\/la-grave.com\/wp-content\/uploads\/2020\/05\/80866856_1028658130827023_4150816771820674050_n-100x100.jpg 100w, https:\/\/la-grave.com\/wp-content\/uploads\/2020\/05\/80866856_1028658130827023_4150816771820674050_n.jpg 1080w\" sizes=\"(max-width: 1024px) 100vw, 1024px\" \/><\/figure>\r\n<div class=\"wp-block-media-text__content\">\r\n<p><a href=\"https:\/\/www.salomon.com\/fr-fr\" target=\"_blank\" rel=\"noopener\"><img decoding=\"async\" class=\"alignnone wp-image-2534 size-full\" src=\"https:\/\/la-grave.com\/wp-content\/uploads\/2020\/05\/salomon2.png\" alt=\"\" width=\"418\" height=\"315\" srcset=\"https:\/\/la-grave.com\/wp-content\/uploads\/2020\/05\/salomon2.png 418w, https:\/\/la-grave.com\/wp-content\/uploads\/2020\/05\/salomon2-300x226.png 300w\" sizes=\"(max-width: 418px) 100vw, 418px\" \/><\/a><\/p>\r\n<p><\/p>\r\n<p><\/p>\r\n<p><\/p>\r\n<\/div>\r\n<\/div>\r\n<p><\/p>\r\n<p><\/p>\r\n<div class=\"wp-block-media-text alignwide has-media-on-the-right is-stacked-on-mobile is-vertically-aligned-top\">\r\n<div class=\"wp-block-media-text__content\">\r\n<p style=\"text-align: center;\"><a href=\"https:\/\/www.auvieuxcampeur.fr\" target=\"_blank\" rel=\"noopener\"><img decoding=\"async\" class=\"alignnone size-full wp-image-22074\" src=\"https:\/\/la-grave.com\/wp-content\/uploads\/2024\/07\/avc.png\" alt=\"\" width=\"225\" height=\"225\" srcset=\"https:\/\/la-grave.com\/wp-content\/uploads\/2024\/07\/avc.png 225w, https:\/\/la-grave.com\/wp-content\/uploads\/2024\/07\/avc-150x150.png 150w, https:\/\/la-grave.com\/wp-content\/uploads\/2024\/07\/avc-109x109.png 109w, https:\/\/la-grave.com\/wp-content\/uploads\/2024\/07\/avc-100x100.png 100w\" sizes=\"(max-width: 225px) 100vw, 225px\" \/><\/a><\/p>\r\n<p><\/p>\r\n<p><\/p>\r\n<p><\/p>\r\n<\/div>\r\n<figure class=\"wp-block-media-text__media\"><img loading=\"lazy\" decoding=\"async\" width=\"600\" height=\"600\" class=\"wp-image-2544 size-full\" src=\"https:\/\/la-grave.com\/wp-content\/uploads\/2020\/05\/petzl.png\" alt=\"\" srcset=\"https:\/\/la-grave.com\/wp-content\/uploads\/2020\/05\/petzl.png 600w, https:\/\/la-grave.com\/wp-content\/uploads\/2020\/05\/petzl-300x300.png 300w, https:\/\/la-grave.com\/wp-content\/uploads\/2020\/05\/petzl-150x150.png 150w, https:\/\/la-grave.com\/wp-content\/uploads\/2020\/05\/petzl-440x440.png 440w, https:\/\/la-grave.com\/wp-content\/uploads\/2020\/05\/petzl-109x109.png 109w, https:\/\/la-grave.com\/wp-content\/uploads\/2020\/05\/petzl-100x100.png 100w\" sizes=\"(max-width: 600px) 100vw, 600px\" \/><\/figure>\r\n<\/div>\r\n<p><\/p>\r\n<p><\/p>\r\n<div class=\"wp-block-media-text alignwide has-media-on-the-right is-stacked-on-mobile is-vertically-aligned-top\">\r\n<div class=\"wp-block-media-text__content\">\r\n<p style=\"text-align: center;\"><a href=\"https:\/\/www.esa.int\/Space_in_Member_States\/France\" target=\"_blank\" rel=\"noopener\"><img loading=\"lazy\" decoding=\"async\" class=\"alignnone wp-image-21862 size-medium\" src=\"https:\/\/la-grave.com\/wp-content\/uploads\/2023\/04\/esa-logo-300x110.png\" alt=\"\" width=\"300\" height=\"110\" srcset=\"https:\/\/la-grave.com\/wp-content\/uploads\/2023\/04\/esa-logo-300x110.png 300w, https:\/\/la-grave.com\/wp-content\/uploads\/2023\/04\/esa-logo-768x280.png 768w, https:\/\/la-grave.com\/wp-content\/uploads\/2023\/04\/esa-logo-440x161.png 440w, https:\/\/la-grave.com\/wp-content\/uploads\/2023\/04\/esa-logo.png 800w\" sizes=\"(max-width: 300px) 100vw, 300px\" \/><\/a><\/p>\r\n<p><\/p>\r\n<p><\/p>\r\n<p><\/p>\r\n<\/div>\r\n<figure class=\"wp-block-media-text__media\"><img loading=\"lazy\" decoding=\"async\" width=\"1000\" height=\"1007\" class=\"wp-image-21863 size-full\" src=\"https:\/\/la-grave.com\/wp-content\/uploads\/2023\/04\/snow-kissed-alps-pillars.jpg\" alt=\"\" srcset=\"https:\/\/la-grave.com\/wp-content\/uploads\/2023\/04\/snow-kissed-alps-pillars.jpg 1000w, https:\/\/la-grave.com\/wp-content\/uploads\/2023\/04\/snow-kissed-alps-pillars-298x300.jpg 298w, https:\/\/la-grave.com\/wp-content\/uploads\/2023\/04\/snow-kissed-alps-pillars-150x150.jpg 150w, https:\/\/la-grave.com\/wp-content\/uploads\/2023\/04\/snow-kissed-alps-pillars-768x773.jpg 768w, https:\/\/la-grave.com\/wp-content\/uploads\/2023\/04\/snow-kissed-alps-pillars-440x443.jpg 440w, https:\/\/la-grave.com\/wp-content\/uploads\/2023\/04\/snow-kissed-alps-pillars-960x967.jpg 960w, https:\/\/la-grave.com\/wp-content\/uploads\/2023\/04\/snow-kissed-alps-pillars-109x109.jpg 109w, https:\/\/la-grave.com\/wp-content\/uploads\/2023\/04\/snow-kissed-alps-pillars-100x100.jpg 100w\" sizes=\"(max-width: 1000px) 100vw, 1000px\" \/><\/figure>\r\n<\/div>\r\n<p><\/p>","protected":false},"excerpt":{"rendered":"<p>They bring us their expertise and La Grave serves as their laboratory&#8230; A number of partners have joined us in our quest for better management of the risks inherent in our sporting and professional activities.. They use the La Meije site as a laboratory to test their equipment and technology in real conditions. We use [&hellip;]<\/p>\n","protected":false},"author":1,"featured_media":62,"parent":0,"menu_order":0,"comment_status":"closed","ping_status":"closed","template":"page_f.php","meta":{"footnotes":""},"class_list":["post-2466","page","type-page","status-publish","has-post-thumbnail","hentry"],"translation":{"provider":"WPGlobus","version":"3.0.2","language":"en","enabled_languages":["fr","en"],"languages":{"fr":{"title":true,"content":true,"excerpt":false},"en":{"title":true,"content":true,"excerpt":false}}},"yoast_head":"<!-- This site is optimized with the Yoast SEO plugin v27.4 - https:\/\/yoast.com\/product\/yoast-seo-wordpress\/ -->\n<title>Our expert partners... - La Grave partenaires haute-montagne<\/title>\n<meta name=\"robots\" content=\"index, follow, max-snippet:-1, max-image-preview:large, max-video-preview:-1\" \/>\n<link rel=\"canonical\" href=\"https:\/\/la-grave.com\/nos-partenaires\/\" \/>\n<meta property=\"og:locale\" content=\"en_US\" \/>\n<meta property=\"og:type\" content=\"article\" \/>\n<meta property=\"og:title\" content=\"Our expert partners... - La Grave\" \/>\n<meta property=\"og:url\" content=\"https:\/\/la-grave.com\/nos-partenaires\/\" \/>\n<meta property=\"og:site_name\" content=\"La Grave\" \/>\n<meta property=\"article:modified_time\" content=\"2025-10-16T16:03:08+00:00\" \/>\n<meta property=\"og:image\" content=\"https:\/\/la-grave.com\/wp-content\/uploads\/2020\/05\/photo.jpg\" \/>\n\t<meta property=\"og:image:width\" content=\"2000\" \/>\n\t<meta property=\"og:image:height\" content=\"1125\" \/>\n\t<meta property=\"og:image:type\" content=\"image\/jpeg\" \/>\n<meta name=\"twitter:card\" content=\"summary_large_image\" \/>\n<meta name=\"twitter:label1\" content=\"Est. reading time\" \/>\n\t<meta name=\"twitter:data1\" content=\"2 minutes\" \/>\n<script type=\"application\/ld+json\" class=\"yoast-schema-graph\">{\"@context\":\"https:\\\/\\\/schema.org\",\"@graph\":[{\"@type\":\"WebPage\",\"@id\":\"https:\\\/\\\/la-grave.com\\\/nos-partenaires\\\/\",\"url\":\"https:\\\/\\\/la-grave.com\\\/nos-partenaires\\\/\",\"name\":\"Our expert partners... - La Grave partenaires haute-montagne\",\"isPartOf\":{\"@id\":\"https:\\\/\\\/la-grave.com\\\/#website\"},\"primaryImageOfPage\":{\"@id\":\"https:\\\/\\\/la-grave.com\\\/nos-partenaires\\\/#primaryimage\"},\"image\":{\"@id\":\"https:\\\/\\\/la-grave.com\\\/nos-partenaires\\\/#primaryimage\"},\"thumbnailUrl\":\"https:\\\/\\\/la-grave.com\\\/wp-content\\\/uploads\\\/2020\\\/05\\\/photo.jpg\",\"datePublished\":\"2020-05-04T18:32:26+00:00\",\"dateModified\":\"2025-10-16T16:03:08+00:00\",\"description\":\"Certains partenaires nous ont rejoint dans notre qu\u00eate de meilleure gestion des risques inh\u00e9rents \u00e0 notre pratique, tant sportive que professionelle.\",\"breadcrumb\":{\"@id\":\"https:\\\/\\\/la-grave.com\\\/nos-partenaires\\\/#breadcrumb\"},\"inLanguage\":\"en-US\",\"potentialAction\":[{\"@type\":\"ReadAction\",\"target\":[\"https:\\\/\\\/la-grave.com\\\/nos-partenaires\\\/\"]}]},{\"@type\":\"ImageObject\",\"inLanguage\":\"en-US\",\"@id\":\"https:\\\/\\\/la-grave.com\\\/nos-partenaires\\\/#primaryimage\",\"url\":\"https:\\\/\\\/la-grave.com\\\/wp-content\\\/uploads\\\/2020\\\/05\\\/photo.jpg\",\"contentUrl\":\"https:\\\/\\\/la-grave.com\\\/wp-content\\\/uploads\\\/2020\\\/05\\\/photo.jpg\",\"width\":2000,\"height\":1125},{\"@type\":\"BreadcrumbList\",\"@id\":\"https:\\\/\\\/la-grave.com\\\/nos-partenaires\\\/#breadcrumb\",\"itemListElement\":[{\"@type\":\"ListItem\",\"position\":1,\"name\":\"Accueil\",\"item\":\"https:\\\/\\\/la-grave.com\\\/\"},{\"@type\":\"ListItem\",\"position\":2,\"name\":\"Nos partenaires experts&#8230;\"}]},{\"@type\":\"WebSite\",\"@id\":\"https:\\\/\\\/la-grave.com\\\/#website\",\"url\":\"https:\\\/\\\/la-grave.com\\\/\",\"name\":\"La Grave\",\"description\":\"One signposted route, the rest is up to you!\",\"potentialAction\":[{\"@type\":\"SearchAction\",\"target\":{\"@type\":\"EntryPoint\",\"urlTemplate\":\"https:\\\/\\\/la-grave.com\\\/?s={search_term_string}\"},\"query-input\":{\"@type\":\"PropertyValueSpecification\",\"valueRequired\":true,\"valueName\":\"search_term_string\"}}],\"inLanguage\":\"en-US\"}]}<\/script>\n<!-- \/ Yoast SEO plugin. -->","yoast_head_json":{"title":"Our expert partners... - La Grave partenaires haute-montagne","robots":{"index":"index","follow":"follow","max-snippet":"max-snippet:-1","max-image-preview":"max-image-preview:large","max-video-preview":"max-video-preview:-1"},"canonical":"https:\/\/la-grave.com\/nos-partenaires\/","og_locale":"en_US","og_type":"article","og_title":"Our expert partners... - La Grave","og_url":"https:\/\/la-grave.com\/nos-partenaires\/","og_site_name":"La Grave","article_modified_time":"2025-10-16T16:03:08+00:00","og_image":[{"width":2000,"height":1125,"url":"https:\/\/la-grave.com\/wp-content\/uploads\/2020\/05\/photo.jpg","type":"image\/jpeg"}],"twitter_card":"summary_large_image","twitter_misc":{"Est. reading time":"2 minutes"},"schema":{"@context":"https:\/\/schema.org","@graph":[{"@type":"WebPage","@id":"https:\/\/la-grave.com\/nos-partenaires\/","url":"https:\/\/la-grave.com\/nos-partenaires\/","name":"Our expert partners... - La Grave partenaires haute-montagne","isPartOf":{"@id":"https:\/\/la-grave.com\/#website"},"primaryImageOfPage":{"@id":"https:\/\/la-grave.com\/nos-partenaires\/#primaryimage"},"image":{"@id":"https:\/\/la-grave.com\/nos-partenaires\/#primaryimage"},"thumbnailUrl":"https:\/\/la-grave.com\/wp-content\/uploads\/2020\/05\/photo.jpg","datePublished":"2020-05-04T18:32:26+00:00","dateModified":"2025-10-16T16:03:08+00:00","description":"Certains partenaires nous ont rejoint dans notre qu\u00eate de meilleure gestion des risques inh\u00e9rents \u00e0 notre pratique, tant sportive que professionelle.","breadcrumb":{"@id":"https:\/\/la-grave.com\/nos-partenaires\/#breadcrumb"},"inLanguage":"en-US","potentialAction":[{"@type":"ReadAction","target":["https:\/\/la-grave.com\/nos-partenaires\/"]}]},{"@type":"ImageObject","inLanguage":"en-US","@id":"https:\/\/la-grave.com\/nos-partenaires\/#primaryimage","url":"https:\/\/la-grave.com\/wp-content\/uploads\/2020\/05\/photo.jpg","contentUrl":"https:\/\/la-grave.com\/wp-content\/uploads\/2020\/05\/photo.jpg","width":2000,"height":1125},{"@type":"BreadcrumbList","@id":"https:\/\/la-grave.com\/nos-partenaires\/#breadcrumb","itemListElement":[{"@type":"ListItem","position":1,"name":"Accueil","item":"https:\/\/la-grave.com\/"},{"@type":"ListItem","position":2,"name":"Nos partenaires experts&#8230;"}]},{"@type":"WebSite","@id":"https:\/\/la-grave.com\/#website","url":"https:\/\/la-grave.com\/","name":"La Grave","description":"One signposted route, the rest is up to you!","potentialAction":[{"@type":"SearchAction","target":{"@type":"EntryPoint","urlTemplate":"https:\/\/la-grave.com\/?s={search_term_string}"},"query-input":{"@type":"PropertyValueSpecification","valueRequired":true,"valueName":"search_term_string"}}],"inLanguage":"en-US"}]}},"_links":{"self":[{"href":"https:\/\/la-grave.com\/en\/wp-json\/wp\/v2\/pages\/2466","targetHints":{"allow":["GET"]}}],"collection":[{"href":"https:\/\/la-grave.com\/en\/wp-json\/wp\/v2\/pages"}],"about":[{"href":"https:\/\/la-grave.com\/en\/wp-json\/wp\/v2\/types\/page"}],"author":[{"embeddable":true,"href":"https:\/\/la-grave.com\/en\/wp-json\/wp\/v2\/users\/1"}],"replies":[{"embeddable":true,"href":"https:\/\/la-grave.com\/en\/wp-json\/wp\/v2\/comments?post=2466"}],"version-history":[{"count":0,"href":"https:\/\/la-grave.com\/en\/wp-json\/wp\/v2\/pages\/2466\/revisions"}],"wp:featuredmedia":[{"embeddable":true,"href":"https:\/\/la-grave.com\/en\/wp-json\/wp\/v2\/media\/62"}],"wp:attachment":[{"href":"https:\/\/la-grave.com\/en\/wp-json\/wp\/v2\/media?parent=2466"}],"curies":[{"name":"wp","href":"https:\/\/api.w.org\/{rel}","templated":true}]}}