{"id":2781,"date":"2020-05-14T10:55:02","date_gmt":"2020-05-14T08:55:02","guid":{"rendered":"http:\/\/v4.la-grave.com\/?page_id=2781"},"modified":"2025-10-16T17:18:04","modified_gmt":"2025-10-16T15:18:04","slug":"emotions-univers-glacier-3200m","status":"publish","type":"page","link":"https:\/\/la-grave.com\/en\/emotions-univers-glacier-3200m\/","title":{"rendered":"Emotions, the glacial universe&#8230;"},"content":{"rendered":"<p><\/p>\r\n<h2 class=\"wp-block-heading\">Seeing a glacier up close, touching the snow, smelling the ice, breathing in the freshness&#8230;<\/h2>\r\n<p><\/p>\r\n<p><\/p>\r\n<p>3 Stations, 3 Universes, one Ascent.<br \/>The 3200m station on the Col des Ruillans is the arrival point for the cable car built by P.H.B. (Pohlig-Heckel-Bleichert). Facing the glaciers, you have access to exclusive facilities and a panoramic restaurant.<\/p>\r\n<p><\/p>\r\n<p><\/p>\r\n<figure class=\"wp-block-image size-large\"><img fetchpriority=\"high\" decoding=\"async\" width=\"1024\" height=\"377\" class=\"wp-image-2833\" src=\"http:\/\/v4.la-grave.com\/wp-content\/uploads\/2020\/05\/terrasse-3200-1024x377.jpg\" alt=\"\" srcset=\"https:\/\/la-grave.com\/wp-content\/uploads\/2020\/05\/terrasse-3200-1024x377.jpg 1024w, https:\/\/la-grave.com\/wp-content\/uploads\/2020\/05\/terrasse-3200-300x111.jpg 300w, https:\/\/la-grave.com\/wp-content\/uploads\/2020\/05\/terrasse-3200-768x283.jpg 768w, https:\/\/la-grave.com\/wp-content\/uploads\/2020\/05\/terrasse-3200-1536x566.jpg 1536w, https:\/\/la-grave.com\/wp-content\/uploads\/2020\/05\/terrasse-3200-440x162.jpg 440w, https:\/\/la-grave.com\/wp-content\/uploads\/2020\/05\/terrasse-3200-960x354.jpg 960w, https:\/\/la-grave.com\/wp-content\/uploads\/2020\/05\/terrasse-3200.jpg 2000w\" sizes=\"(max-width: 1024px) 100vw, 1024px\" \/>\r\n<figcaption>Panoramic terrace of the Restaurant<\/figcaption>\r\n<\/figure>\r\n<p><\/p>\r\n<p><\/p>\r\n<div class=\"wp-block-columns is-layout-flex wp-container-core-columns-is-layout-9d6595d7 wp-block-columns-is-layout-flex\">\r\n<div class=\"wp-block-column is-layout-flow wp-block-column-is-layout-flow\">\r\n<h4 class=\"wp-block-heading\">EMOTIONS<\/h4>\r\n<p><\/p>\r\n<p><\/p>\r\n<p><img decoding=\"async\" class=\"alignnone wp-image-2671 size-medium\" src=\"https:\/\/la-grave.com\/wp-content\/uploads\/2020\/05\/meije-300x168.jpg\" alt=\"\" width=\"300\" height=\"168\" srcset=\"https:\/\/la-grave.com\/wp-content\/uploads\/2020\/05\/meije-300x168.jpg 300w, https:\/\/la-grave.com\/wp-content\/uploads\/2020\/05\/meije-1024x573.jpg 1024w, https:\/\/la-grave.com\/wp-content\/uploads\/2020\/05\/meije-768x430.jpg 768w, https:\/\/la-grave.com\/wp-content\/uploads\/2020\/05\/meije-1536x860.jpg 1536w, https:\/\/la-grave.com\/wp-content\/uploads\/2020\/05\/meije-440x246.jpg 440w, https:\/\/la-grave.com\/wp-content\/uploads\/2020\/05\/meije-960x538.jpg 960w, https:\/\/la-grave.com\/wp-content\/uploads\/2020\/05\/meije.jpg 2000w\" sizes=\"(max-width: 300px) 100vw, 300px\" \/><\/p>\r\n<p><\/p>\r\n<p><\/p>\r\n<p>In the snow, in the middle of summer, you can get up close and personal with glaciers and crevasses, the nearby Meije (3982 m) and Mont Blanc in the distance.<\/p>\r\n<p><\/p>\r\n<p><\/p>\r\n<p><img decoding=\"async\" class=\"alignnone wp-image-1896 size-medium\" src=\"http:\/\/v4.la-grave.com\/wp-content\/uploads\/2020\/05\/D2D_2103_DxO-300x201.jpg\" alt=\"\" width=\"300\" height=\"201\" srcset=\"https:\/\/la-grave.com\/wp-content\/uploads\/2020\/05\/D2D_2103_DxO-300x201.jpg 300w, https:\/\/la-grave.com\/wp-content\/uploads\/2020\/05\/D2D_2103_DxO-1024x685.jpg 1024w, https:\/\/la-grave.com\/wp-content\/uploads\/2020\/05\/D2D_2103_DxO-768x514.jpg 768w, https:\/\/la-grave.com\/wp-content\/uploads\/2020\/05\/D2D_2103_DxO-1536x1028.jpg 1536w, https:\/\/la-grave.com\/wp-content\/uploads\/2020\/05\/D2D_2103_DxO-2048x1371.jpg 2048w, https:\/\/la-grave.com\/wp-content\/uploads\/2020\/05\/D2D_2103_DxO-440x295.jpg 440w, https:\/\/la-grave.com\/wp-content\/uploads\/2020\/05\/D2D_2103_DxO-960x643.jpg 960w\" sizes=\"(max-width: 300px) 100vw, 300px\" \/><\/p>\r\n<p><\/p>\r\n<p><\/p>\r\n<p><\/p>\r\n<\/div>\r\n<p><\/p>\r\n<p><\/p>\r\n<div class=\"wp-block-column is-layout-flow wp-block-column-is-layout-flow\">\r\n<h4 class=\"wp-block-heading\">PANORAMA GRANDIOSE<\/h4>\r\n<p><\/p>\r\n<p><\/p>\r\n<p>The themed trail will take you through the landscape around you, to help you understand it better.<\/p>\r\n<p><\/p>\r\n<p><\/p>\r\n<p>3 orientation tables will help you identify the most beautiful peaks in the Alps.<\/p>\r\n<p><\/p>\r\n<p><\/p>\r\n<p><img loading=\"lazy\" decoding=\"async\" class=\"alignnone size-medium wp-image-1895\" src=\"http:\/\/v4.la-grave.com\/wp-content\/uploads\/2020\/05\/D2D_2092_DxO-300x201.jpg\" alt=\"\" width=\"300\" height=\"201\" srcset=\"https:\/\/la-grave.com\/wp-content\/uploads\/2020\/05\/D2D_2092_DxO-300x201.jpg 300w, https:\/\/la-grave.com\/wp-content\/uploads\/2020\/05\/D2D_2092_DxO-1024x685.jpg 1024w, https:\/\/la-grave.com\/wp-content\/uploads\/2020\/05\/D2D_2092_DxO-768x514.jpg 768w, https:\/\/la-grave.com\/wp-content\/uploads\/2020\/05\/D2D_2092_DxO-1536x1027.jpg 1536w, https:\/\/la-grave.com\/wp-content\/uploads\/2020\/05\/D2D_2092_DxO-2048x1370.jpg 2048w, https:\/\/la-grave.com\/wp-content\/uploads\/2020\/05\/D2D_2092_DxO-440x294.jpg 440w, https:\/\/la-grave.com\/wp-content\/uploads\/2020\/05\/D2D_2092_DxO-960x642.jpg 960w\" sizes=\"(max-width: 300px) 100vw, 300px\" \/><\/p>\r\n<p><\/p>\r\n<p><\/p>\r\n<p><\/p>\r\n<\/div>\r\n<p><\/p>\r\n<p><\/p>\r\n<div class=\"wp-block-column is-layout-flow wp-block-column-is-layout-flow\">\r\n<h4 class=\"wp-block-heading\">GLACIAL UNIVERSE: VISIT THE GLACIER!<\/h4>\r\n<p><\/p>\r\n<p><\/p>\r\n<p><img loading=\"lazy\" decoding=\"async\" class=\"alignnone wp-image-2669 size-medium\" src=\"https:\/\/la-grave.com\/wp-content\/uploads\/2020\/05\/crevasses-300x168.jpg\" alt=\"\" width=\"300\" height=\"168\" srcset=\"https:\/\/la-grave.com\/wp-content\/uploads\/2020\/05\/crevasses-300x168.jpg 300w, https:\/\/la-grave.com\/wp-content\/uploads\/2020\/05\/crevasses-1024x573.jpg 1024w, https:\/\/la-grave.com\/wp-content\/uploads\/2020\/05\/crevasses-768x430.jpg 768w, https:\/\/la-grave.com\/wp-content\/uploads\/2020\/05\/crevasses-1536x860.jpg 1536w, https:\/\/la-grave.com\/wp-content\/uploads\/2020\/05\/crevasses-440x246.jpg 440w, https:\/\/la-grave.com\/wp-content\/uploads\/2020\/05\/crevasses-960x538.jpg 960w, https:\/\/la-grave.com\/wp-content\/uploads\/2020\/05\/crevasses.jpg 2000w\" sizes=\"(max-width: 300px) 100vw, 300px\" \/><\/p>\r\n<p><\/p>\r\n<p><\/p>\r\n<p>There are a thousand ways to enjoy it: visit a crevasse with the guides&#8217; office, mountain walks, mountaineering, etc. The themed trail on a secure part of the glacier will explain the life of the Girose glacier.<\/p>\r\n<p><\/p>\r\n<p><\/p>\r\n<p><img loading=\"lazy\" decoding=\"async\" class=\"alignnone wp-image-1898 size-medium\" src=\"http:\/\/v4.la-grave.com\/wp-content\/uploads\/2020\/05\/domedelalauze06-300x200.jpg\" alt=\"\" width=\"300\" height=\"200\" srcset=\"https:\/\/la-grave.com\/wp-content\/uploads\/2020\/05\/domedelalauze06-300x200.jpg 300w, https:\/\/la-grave.com\/wp-content\/uploads\/2020\/05\/domedelalauze06-768x512.jpg 768w, https:\/\/la-grave.com\/wp-content\/uploads\/2020\/05\/domedelalauze06-440x293.jpg 440w, https:\/\/la-grave.com\/wp-content\/uploads\/2020\/05\/domedelalauze06-960x640.jpg 960w, https:\/\/la-grave.com\/wp-content\/uploads\/2020\/05\/domedelalauze06.jpg 1024w\" sizes=\"(max-width: 300px) 100vw, 300px\" \/><\/p>\r\n<p><\/p>\r\n<\/div>\r\n<p><\/p>\r\n<\/div>\r\n<p><\/p>\r\n<p><\/p>\r\n<div class=\"video-container\"><iframe title=\"YouTube video player\" width=\"300\" height=\"200\" src=\"https:\/\/www.youtube.com\/embed\/Q6XUqFwmzvY?theme=dark&rel=0&wmode=transparent\" frameborder=\"0\" allowfullscreen><\/iframe><\/div>\r\n<p><\/p>\r\n<p><\/p>\r\n<hr class=\"wp-block-separator has-text-color has-background has-luminous-vivid-orange-background-color has-luminous-vivid-orange-color is-style-dots\" \/>\r\n<p><\/p>\r\n<p>Before you leave, you need to take a<a href=\"https:\/\/la-grave.com\/en\/ete-domaine-haute-montagne-accessible\/\"> number of precautions<\/a> to ensure your peace of mind, your well-being and that of others.<\/p>\r\n<p><\/p>","protected":false},"excerpt":{"rendered":"<p>Seeing a glacier up close, touching the snow, smelling the ice, breathing in the freshness&#8230; 3 Stations, 3 Universes, one Ascent.The 3200m station on the Col des Ruillans is the arrival point for the cable car built by P.H.B. (Pohlig-Heckel-Bleichert). Facing the glaciers, you have access to exclusive facilities and a panoramic restaurant. Panoramic terrace [&hellip;]<\/p>\n","protected":false},"author":1,"featured_media":22,"parent":0,"menu_order":0,"comment_status":"closed","ping_status":"closed","template":"page_f.php","meta":{"footnotes":""},"class_list":["post-2781","page","type-page","status-publish","has-post-thumbnail","hentry"],"translation":{"provider":"WPGlobus","version":"3.0.2","language":"en","enabled_languages":["fr","en"],"languages":{"fr":{"title":true,"content":true,"excerpt":false},"en":{"title":true,"content":true,"excerpt":false}}},"yoast_head":"<!-- This site is optimized with the Yoast SEO plugin v27.5 - https:\/\/yoast.com\/product\/yoast-seo-wordpress\/ -->\n<title>Emotions, the glacial universe... - La Grave<\/title>\n<meta name=\"robots\" content=\"index, follow, max-snippet:-1, max-image-preview:large, max-video-preview:-1\" \/>\n<link rel=\"canonical\" href=\"https:\/\/la-grave.com\/emotions-univers-glacier-3200m\/\" \/>\n<meta property=\"og:locale\" content=\"en_US\" \/>\n<meta property=\"og:type\" content=\"article\" \/>\n<meta property=\"og:title\" content=\"Emotions, the glacial universe... - La Grave\" \/>\n<meta property=\"og:url\" content=\"https:\/\/la-grave.com\/emotions-univers-glacier-3200m\/\" \/>\n<meta property=\"og:site_name\" content=\"La Grave\" \/>\n<meta property=\"article:modified_time\" content=\"2025-10-16T15:18:04+00:00\" \/>\n<meta property=\"og:image\" content=\"https:\/\/la-grave.com\/wp-content\/uploads\/2020\/05\/domaine.jpg\" \/>\n\t<meta property=\"og:image:width\" content=\"2000\" \/>\n\t<meta property=\"og:image:height\" content=\"1125\" \/>\n\t<meta property=\"og:image:type\" content=\"image\/jpeg\" \/>\n<meta name=\"twitter:card\" content=\"summary_large_image\" \/>\n<meta name=\"twitter:label1\" content=\"Est. reading time\" \/>\n\t<meta name=\"twitter:data1\" content=\"3 minutes\" \/>\n<script type=\"application\/ld+json\" class=\"yoast-schema-graph\">{\"@context\":\"https:\\\/\\\/schema.org\",\"@graph\":[{\"@type\":\"WebPage\",\"@id\":\"https:\\\/\\\/la-grave.com\\\/emotions-univers-glacier-3200m\\\/\",\"url\":\"https:\\\/\\\/la-grave.com\\\/emotions-univers-glacier-3200m\\\/\",\"name\":\"Emotions, the glacial universe... - La Grave\",\"isPartOf\":{\"@id\":\"https:\\\/\\\/la-grave.com\\\/#website\"},\"primaryImageOfPage\":{\"@id\":\"https:\\\/\\\/la-grave.com\\\/emotions-univers-glacier-3200m\\\/#primaryimage\"},\"image\":{\"@id\":\"https:\\\/\\\/la-grave.com\\\/emotions-univers-glacier-3200m\\\/#primaryimage\"},\"thumbnailUrl\":\"https:\\\/\\\/la-grave.com\\\/wp-content\\\/uploads\\\/2020\\\/05\\\/domaine.jpg\",\"datePublished\":\"2020-05-14T08:55:02+00:00\",\"dateModified\":\"2025-10-16T15:18:04+00:00\",\"description\":\"3 Gares, 3 Univers, une Ascension.La gare de 3200m situ\u00e9e au col des Ruillans est l'arriv\u00e9 du t\u00e9l\u00e9ph\u00e9rique. Face aux glaciers, le restaurant panoramique.\",\"breadcrumb\":{\"@id\":\"https:\\\/\\\/la-grave.com\\\/emotions-univers-glacier-3200m\\\/#breadcrumb\"},\"inLanguage\":\"en-US\",\"potentialAction\":[{\"@type\":\"ReadAction\",\"target\":[\"https:\\\/\\\/la-grave.com\\\/emotions-univers-glacier-3200m\\\/\"]}]},{\"@type\":\"ImageObject\",\"inLanguage\":\"en-US\",\"@id\":\"https:\\\/\\\/la-grave.com\\\/emotions-univers-glacier-3200m\\\/#primaryimage\",\"url\":\"https:\\\/\\\/la-grave.com\\\/wp-content\\\/uploads\\\/2020\\\/05\\\/domaine.jpg\",\"contentUrl\":\"https:\\\/\\\/la-grave.com\\\/wp-content\\\/uploads\\\/2020\\\/05\\\/domaine.jpg\",\"width\":2000,\"height\":1125},{\"@type\":\"BreadcrumbList\",\"@id\":\"https:\\\/\\\/la-grave.com\\\/emotions-univers-glacier-3200m\\\/#breadcrumb\",\"itemListElement\":[{\"@type\":\"ListItem\",\"position\":1,\"name\":\"Accueil\",\"item\":\"https:\\\/\\\/la-grave.com\\\/\"},{\"@type\":\"ListItem\",\"position\":2,\"name\":\"Emotions, l&rsquo;univers Glaciaire&#8230;\"}]},{\"@type\":\"WebSite\",\"@id\":\"https:\\\/\\\/la-grave.com\\\/#website\",\"url\":\"https:\\\/\\\/la-grave.com\\\/\",\"name\":\"La Grave\",\"description\":\"One signposted route, the rest is up to you!\",\"potentialAction\":[{\"@type\":\"SearchAction\",\"target\":{\"@type\":\"EntryPoint\",\"urlTemplate\":\"https:\\\/\\\/la-grave.com\\\/?s={search_term_string}\"},\"query-input\":{\"@type\":\"PropertyValueSpecification\",\"valueRequired\":true,\"valueName\":\"search_term_string\"}}],\"inLanguage\":\"en-US\"}]}<\/script>\n<!-- \/ Yoast SEO plugin. -->","yoast_head_json":{"title":"Emotions, the glacial universe... - La Grave","robots":{"index":"index","follow":"follow","max-snippet":"max-snippet:-1","max-image-preview":"max-image-preview:large","max-video-preview":"max-video-preview:-1"},"canonical":"https:\/\/la-grave.com\/emotions-univers-glacier-3200m\/","og_locale":"en_US","og_type":"article","og_title":"Emotions, the glacial universe... - La Grave","og_url":"https:\/\/la-grave.com\/emotions-univers-glacier-3200m\/","og_site_name":"La Grave","article_modified_time":"2025-10-16T15:18:04+00:00","og_image":[{"width":2000,"height":1125,"url":"https:\/\/la-grave.com\/wp-content\/uploads\/2020\/05\/domaine.jpg","type":"image\/jpeg"}],"twitter_card":"summary_large_image","twitter_misc":{"Est. reading time":"3 minutes"},"schema":{"@context":"https:\/\/schema.org","@graph":[{"@type":"WebPage","@id":"https:\/\/la-grave.com\/emotions-univers-glacier-3200m\/","url":"https:\/\/la-grave.com\/emotions-univers-glacier-3200m\/","name":"Emotions, the glacial universe... - La Grave","isPartOf":{"@id":"https:\/\/la-grave.com\/#website"},"primaryImageOfPage":{"@id":"https:\/\/la-grave.com\/emotions-univers-glacier-3200m\/#primaryimage"},"image":{"@id":"https:\/\/la-grave.com\/emotions-univers-glacier-3200m\/#primaryimage"},"thumbnailUrl":"https:\/\/la-grave.com\/wp-content\/uploads\/2020\/05\/domaine.jpg","datePublished":"2020-05-14T08:55:02+00:00","dateModified":"2025-10-16T15:18:04+00:00","description":"3 Gares, 3 Univers, une Ascension.La gare de 3200m situ\u00e9e au col des Ruillans est l'arriv\u00e9 du t\u00e9l\u00e9ph\u00e9rique. Face aux glaciers, le restaurant panoramique.","breadcrumb":{"@id":"https:\/\/la-grave.com\/emotions-univers-glacier-3200m\/#breadcrumb"},"inLanguage":"en-US","potentialAction":[{"@type":"ReadAction","target":["https:\/\/la-grave.com\/emotions-univers-glacier-3200m\/"]}]},{"@type":"ImageObject","inLanguage":"en-US","@id":"https:\/\/la-grave.com\/emotions-univers-glacier-3200m\/#primaryimage","url":"https:\/\/la-grave.com\/wp-content\/uploads\/2020\/05\/domaine.jpg","contentUrl":"https:\/\/la-grave.com\/wp-content\/uploads\/2020\/05\/domaine.jpg","width":2000,"height":1125},{"@type":"BreadcrumbList","@id":"https:\/\/la-grave.com\/emotions-univers-glacier-3200m\/#breadcrumb","itemListElement":[{"@type":"ListItem","position":1,"name":"Accueil","item":"https:\/\/la-grave.com\/"},{"@type":"ListItem","position":2,"name":"Emotions, l&rsquo;univers Glaciaire&#8230;"}]},{"@type":"WebSite","@id":"https:\/\/la-grave.com\/#website","url":"https:\/\/la-grave.com\/","name":"La Grave","description":"One signposted route, the rest is up to you!","potentialAction":[{"@type":"SearchAction","target":{"@type":"EntryPoint","urlTemplate":"https:\/\/la-grave.com\/?s={search_term_string}"},"query-input":{"@type":"PropertyValueSpecification","valueRequired":true,"valueName":"search_term_string"}}],"inLanguage":"en-US"}]}},"_links":{"self":[{"href":"https:\/\/la-grave.com\/en\/wp-json\/wp\/v2\/pages\/2781","targetHints":{"allow":["GET"]}}],"collection":[{"href":"https:\/\/la-grave.com\/en\/wp-json\/wp\/v2\/pages"}],"about":[{"href":"https:\/\/la-grave.com\/en\/wp-json\/wp\/v2\/types\/page"}],"author":[{"embeddable":true,"href":"https:\/\/la-grave.com\/en\/wp-json\/wp\/v2\/users\/1"}],"replies":[{"embeddable":true,"href":"https:\/\/la-grave.com\/en\/wp-json\/wp\/v2\/comments?post=2781"}],"version-history":[{"count":0,"href":"https:\/\/la-grave.com\/en\/wp-json\/wp\/v2\/pages\/2781\/revisions"}],"wp:featuredmedia":[{"embeddable":true,"href":"https:\/\/la-grave.com\/en\/wp-json\/wp\/v2\/media\/22"}],"wp:attachment":[{"href":"https:\/\/la-grave.com\/en\/wp-json\/wp\/v2\/media?parent=2781"}],"curies":[{"name":"wp","href":"https:\/\/api.w.org\/{rel}","templated":true}]}}