{"id":3,"date":"2020-05-01T17:13:15","date_gmt":"2020-05-01T15:13:15","guid":{"rendered":"http:\/\/v4.la-grave.com\/?page_id=3"},"modified":"2025-10-17T13:46:05","modified_gmt":"2025-10-17T11:46:05","slug":"protection-confidentialite","status":"publish","type":"page","link":"https:\/\/la-grave.com\/en\/protection-confidentialite\/","title":{"rendered":"Confidentiality, data protection, terms and conditions&#8230;"},"content":{"rendered":"<p>The content of this website is presented to you by the Soci\u00e9t\u00e9 d&#8217;Amenagement Tousitique de La Grave (SATG SASU), a one-man simplified joint stock company with capital of \u20ac400,000.<\/p>\r\n<p><!-- \/wp:post-content --><\/p>\r\n<p><!-- wp:heading {\"level\":3} --><\/p>\r\n<h3>Copyright<\/h3>\r\n<p><!-- \/wp:heading --><\/p>\r\n<p><!-- wp:paragraph --><\/p>\r\n<p>Under the terms of French law, the data contained in this Internet site constitutes an intellectual work (in particular by Law No. 92-157 of 1 July 1992). As such, the exploitation rights, even partial, of this work are held by SATG SASU.<br \/>These exploitation rights include in particular the rights of reproduction, representation and adaptation of everything that makes up this website: texts, photographs, drawings, logos, sounds, video sequences, etc.<\/p>\r\n<p><!-- \/wp:paragraph --><\/p>\r\n<p><!-- wp:paragraph --><\/p>\r\n<p>Any reproduction, even partial, on any current medium (engravings, photographs, paper or electronic reprography, micro reproduction, albums, postcards, models, posters and other processes, particularly audiovisual, etc.) or in the future is strictly forbidden without the prior express agreement of SATG.<\/p>\r\n<p><!-- \/wp:paragraph --><\/p>\r\n<p><!-- wp:paragraph --><\/p>\r\n<p>Any adaptation whatsoever of all or part of the work, in particular to give form or ornament to any object or service, is prohibited without the express prior agreement of SATG.<\/p>\r\n<p><!-- \/wp:paragraph --><\/p>\r\n<p><!-- wp:paragraph --><\/p>\r\n<p>In the event of non-compliance with these provisions, the French courts shall have sole jurisdiction and French law shall expressly be the only applicable law.<\/p>\r\n<p><!-- \/wp:paragraph --><\/p>\r\n<p><!-- wp:heading {\"level\":4} --><\/p>\r\n<h4>Publication Director<\/h4>\r\n<p><!-- \/wp:heading --><\/p>\r\n<p><!-- wp:paragraph --><\/p>\r\n<p>Yann CARREL<\/p>\r\n<p><!-- \/wp:paragraph --><\/p>\r\n<p><!-- wp:heading {\"level\":4} --><\/p>\r\n<h4>The technical set-up and the elements of the Graphic Charter were produced by :<\/h4>\r\n<p><!-- \/wp:heading --><\/p>\r\n<p><!-- wp:paragraph --><\/p>\r\n<p>David LE GUEN<\/p>\r\n<p><!-- \/wp:paragraph --><\/p>\r\n<p><!-- wp:heading {\"level\":4} --><\/p>\r\n<h4>The photos were taken by :<\/h4>\r\n<p><!-- \/wp:heading --><\/p>\r\n<p><!-- wp:paragraph --><\/p>\r\n<p>B. Boone, D. Le Guen, P. Spricenieks, C. Luthy, R. Forte, M. Lampinen<\/p>\r\n<p><!-- \/wp:paragraph --><\/p>\r\n<p><!-- wp:heading {\"level\":4} --><\/p>\r\n<h4>This service is hosted by :<\/h4>\r\n<p><!-- \/wp:heading --><\/p>\r\n<p><!-- wp:paragraph --><\/p>\r\n<p>OVH<br \/>SAS au capital de 500 K\u20ac<br \/>RCS Roubaix \u2013 Tourcoing<br \/>424 761 419 00011 APE 6202A<br \/>2 rue Kellermann &#8211; 59100 Roubaix &#8211; France.<\/p>\r\n<p><!-- \/wp:paragraph --><\/p>\r\n<p><!-- wp:heading {\"level\":3} --><\/p>\r\n<h3>Freedom of information<\/h3>\r\n<p><!-- \/wp:heading --><\/p>\r\n<p><!-- wp:paragraph --><\/p>\r\n<p>In order to respect your privacy, SATG SASU undertakes to ensure that this information is collected and processed in accordance with the French Data Protection Act no. 78-17 of 6 January 1978, as amended.<\/p>\r\n<p><!-- \/wp:paragraph --><\/p>\r\n<p><!-- wp:paragraph --><\/p>\r\n<p><strong><em>Rights to your personal data:<\/em><\/strong><br \/>You have the right to access, modify, rectify and delete information concerning you. None of the data collected is or will be passed on to third parties. To exercise these rights, simply write to us at our address.<\/p>\r\n<p><!-- \/wp:paragraph --><\/p>\r\n<p><!-- wp:heading {\"level\":4} --><\/p>\r\n<h4>D\u00e9claration CNIL :<\/h4>\r\n<p><!-- \/wp:heading --><\/p>\r\n<p><!-- wp:paragraph --><\/p>\r\n<p>The la-grave.com website has been declared to the Commission Nationale Informatique et Libert\u00e9s (CNIL) under number 1069891. The computerised processing of online sales is the subject of Sheet No. 4 of the register of processing activities and the computerised processing of the newsletter is the subject of Sheet No. 5 of the register of processing activities (in accordance with the RGPD).<\/p>\r\n<p><!-- \/wp:paragraph --><\/p>\r\n<p><!-- wp:heading {\"level\":4} --><\/p>\r\n<h4>Mentions l\u00e9gales<\/h4>\r\n<p><!-- \/wp:heading --><\/p>\r\n<p><!-- wp:paragraph --><\/p>\r\n<p>SATG SASU cannot be held liable for any errors or omissions in the information provided on this website.<\/p>\r\n<p><!-- \/wp:paragraph --><\/p>\r\n<p><!-- wp:paragraph --><\/p>\r\n<p>SATG, which has been operating the cable cars on the Meije glaciers since 15 June 2017, is responsible for the safety of its customers up to the exit of the cable car stations and within the signposted and secure area of the glacier slopes. Outside this is a high mountain area, you ski under your own responsibility.<\/p>\r\n<p><!-- \/wp:paragraph --><\/p>\r\n<p><!-- wp:heading {\"level\":3} --><\/p>\r\n<h3>General terms and conditions of sale and use :<\/h3>\r\n<p><!-- \/wp:heading --><\/p>\r\n<p><!-- wp:paragraph {\"align\":\"center\"} --><\/p>\r\n<p class=\"has-text-align-center\"><a href=\"https:\/\/la-grave.com\/en\/cgv-et-dacces-au-domaine\/\">-Find the full GTCU here (in french only) &#8211;<\/a><\/p>\r\n<p><!-- \/wp:paragraph --><\/p>\r\n<p><!-- wp:paragraph {\"textColor\":\"vivid-red\"} --><\/p>\r\n<p class=\"has-text-color has-vivid-red-color\"><strong><em>Excerpts: <\/em><\/strong><\/p>\r\n<p><!-- \/wp:paragraph --><\/p>\r\n<p><!-- wp:heading {\"level\":4} --><\/p>\r\n<h4>High Mountain Area<\/h4>\r\n<p><!-- \/wp:heading --><\/p>\r\n<p><!-- wp:paragraph --><\/p>\r\n<p>Municipality of La Grave La Meije: Skiers, mountaineers, hikers, Your attention is especially drawn to the following facts: You are entering a high mountain area. Ask the patrollers for advice to help you make the best choice. Consult the information boards and weather forecasts posted at the departure of the cable car and in the stations. Always carry your shovel, avalanche transceiver and probe.<\/p>\r\n<p><!-- \/wp:paragraph --><\/p>\r\n<p><!-- wp:heading {\"level\":4} --><\/p>\r\n<h4>Contact<\/h4>\r\n<p><!-- \/wp:heading --><\/p>\r\n<p><!-- wp:paragraph --><\/p>\r\n<p>SATG SASU<br \/>1 place des T\u00e9l\u00e9ph\u00e9riques<br \/>des Glaciers de la Meije<br \/>FR-05320 La Grave<br \/>Tel : +33 (0)4 76 79 94 65<br \/>Fax : +33 (0)4 76 79 92 67<\/p>\r\n<p><!-- \/wp:paragraph --><\/p>\r\n<p><!-- wp:paragraph --><\/p>\r\n<p><!-- \/wp:paragraph --><\/p>\r\n<p><!-- wp:paragraph --><\/p>\r\n<p><!-- \/wp:paragraph --><\/p>","protected":false},"excerpt":{"rendered":"<p>The content of this website is presented to you by the Soci\u00e9t\u00e9 d&#8217;Amenagement Tousitique de La Grave (SATG SASU), a one-man simplified joint stock company with capital of \u20ac400,000. Copyright Under the terms of French law, the data contained in this Internet site constitutes an intellectual work (in particular by Law No. 92-157 of 1 [&hellip;]<\/p>\n","protected":false},"author":1,"featured_media":57,"parent":0,"menu_order":0,"comment_status":"closed","ping_status":"open","template":"page_f.php","meta":{"footnotes":""},"class_list":["post-3","page","type-page","status-publish","has-post-thumbnail","hentry"],"translation":{"provider":"WPGlobus","version":"3.0.2","language":"en","enabled_languages":["fr","en"],"languages":{"fr":{"title":true,"content":true,"excerpt":false},"en":{"title":true,"content":true,"excerpt":false}}},"yoast_head":"<!-- This site is optimized with the Yoast SEO plugin v27.3 - https:\/\/yoast.com\/product\/yoast-seo-wordpress\/ -->\n<title>Confidentiality, data protection, terms and conditions... - La Grave<\/title>\n<meta name=\"robots\" content=\"index, follow, max-snippet:-1, max-image-preview:large, max-video-preview:-1\" \/>\n<link rel=\"canonical\" href=\"https:\/\/la-grave.com\/protection-confidentialite\/\" \/>\n<meta property=\"og:locale\" content=\"en_US\" \/>\n<meta property=\"og:type\" content=\"article\" \/>\n<meta property=\"og:title\" content=\"Confidentiality, data protection, terms and conditions... - La Grave\" \/>\n<meta property=\"og:url\" content=\"https:\/\/la-grave.com\/protection-confidentialite\/\" \/>\n<meta property=\"og:site_name\" content=\"La Grave\" \/>\n<meta property=\"article:modified_time\" content=\"2025-10-17T11:46:05+00:00\" \/>\n<meta property=\"og:image\" content=\"https:\/\/la-grave.com\/wp-content\/uploads\/2020\/05\/news2.jpg\" \/>\n\t<meta property=\"og:image:width\" content=\"2000\" \/>\n\t<meta property=\"og:image:height\" content=\"1125\" \/>\n\t<meta property=\"og:image:type\" content=\"image\/jpeg\" \/>\n<meta name=\"twitter:card\" content=\"summary_large_image\" \/>\n<meta name=\"twitter:label1\" content=\"Est. reading time\" \/>\n\t<meta name=\"twitter:data1\" content=\"7 minutes\" \/>\n<script type=\"application\/ld+json\" class=\"yoast-schema-graph\">{\"@context\":\"https:\\\/\\\/schema.org\",\"@graph\":[{\"@type\":\"WebPage\",\"@id\":\"https:\\\/\\\/la-grave.com\\\/protection-confidentialite\\\/\",\"url\":\"https:\\\/\\\/la-grave.com\\\/protection-confidentialite\\\/\",\"name\":\"Confidentiality, data protection, terms and conditions... - La Grave\",\"isPartOf\":{\"@id\":\"https:\\\/\\\/la-grave.com\\\/#website\"},\"primaryImageOfPage\":{\"@id\":\"https:\\\/\\\/la-grave.com\\\/protection-confidentialite\\\/#primaryimage\"},\"image\":{\"@id\":\"https:\\\/\\\/la-grave.com\\\/protection-confidentialite\\\/#primaryimage\"},\"thumbnailUrl\":\"https:\\\/\\\/la-grave.com\\\/wp-content\\\/uploads\\\/2020\\\/05\\\/news2.jpg\",\"datePublished\":\"2020-05-01T15:13:15+00:00\",\"dateModified\":\"2025-10-17T11:46:05+00:00\",\"description\":\"Ce pr\u00e9sent site Internet vous est pr\u00e9sent\u00e9 par la soci\u00e9t\u00e9 par actions simplifi\u00e9es unipersonelle, la Soci\u00e9t\u00e9 d'Amenagement Tousitique de La Grave\",\"breadcrumb\":{\"@id\":\"https:\\\/\\\/la-grave.com\\\/protection-confidentialite\\\/#breadcrumb\"},\"inLanguage\":\"en-US\",\"potentialAction\":[{\"@type\":\"ReadAction\",\"target\":[\"https:\\\/\\\/la-grave.com\\\/protection-confidentialite\\\/\"]}]},{\"@type\":\"ImageObject\",\"inLanguage\":\"en-US\",\"@id\":\"https:\\\/\\\/la-grave.com\\\/protection-confidentialite\\\/#primaryimage\",\"url\":\"https:\\\/\\\/la-grave.com\\\/wp-content\\\/uploads\\\/2020\\\/05\\\/news2.jpg\",\"contentUrl\":\"https:\\\/\\\/la-grave.com\\\/wp-content\\\/uploads\\\/2020\\\/05\\\/news2.jpg\",\"width\":2000,\"height\":1125},{\"@type\":\"BreadcrumbList\",\"@id\":\"https:\\\/\\\/la-grave.com\\\/protection-confidentialite\\\/#breadcrumb\",\"itemListElement\":[{\"@type\":\"ListItem\",\"position\":1,\"name\":\"Accueil\",\"item\":\"https:\\\/\\\/la-grave.com\\\/\"},{\"@type\":\"ListItem\",\"position\":2,\"name\":\"Confidentialit\u00e9, Protection des donn\u00e9es, CGVU&#8230;\"}]},{\"@type\":\"WebSite\",\"@id\":\"https:\\\/\\\/la-grave.com\\\/#website\",\"url\":\"https:\\\/\\\/la-grave.com\\\/\",\"name\":\"La Grave\",\"description\":\"One signposted route, the rest is up to you!\",\"potentialAction\":[{\"@type\":\"SearchAction\",\"target\":{\"@type\":\"EntryPoint\",\"urlTemplate\":\"https:\\\/\\\/la-grave.com\\\/?s={search_term_string}\"},\"query-input\":{\"@type\":\"PropertyValueSpecification\",\"valueRequired\":true,\"valueName\":\"search_term_string\"}}],\"inLanguage\":\"en-US\"}]}<\/script>\n<!-- \/ Yoast SEO plugin. -->","yoast_head_json":{"title":"Confidentiality, data protection, terms and conditions... - La Grave","robots":{"index":"index","follow":"follow","max-snippet":"max-snippet:-1","max-image-preview":"max-image-preview:large","max-video-preview":"max-video-preview:-1"},"canonical":"https:\/\/la-grave.com\/protection-confidentialite\/","og_locale":"en_US","og_type":"article","og_title":"Confidentiality, data protection, terms and conditions... - La Grave","og_url":"https:\/\/la-grave.com\/protection-confidentialite\/","og_site_name":"La Grave","article_modified_time":"2025-10-17T11:46:05+00:00","og_image":[{"width":2000,"height":1125,"url":"https:\/\/la-grave.com\/wp-content\/uploads\/2020\/05\/news2.jpg","type":"image\/jpeg"}],"twitter_card":"summary_large_image","twitter_misc":{"Est. reading time":"7 minutes"},"schema":{"@context":"https:\/\/schema.org","@graph":[{"@type":"WebPage","@id":"https:\/\/la-grave.com\/protection-confidentialite\/","url":"https:\/\/la-grave.com\/protection-confidentialite\/","name":"Confidentiality, data protection, terms and conditions... - La Grave","isPartOf":{"@id":"https:\/\/la-grave.com\/#website"},"primaryImageOfPage":{"@id":"https:\/\/la-grave.com\/protection-confidentialite\/#primaryimage"},"image":{"@id":"https:\/\/la-grave.com\/protection-confidentialite\/#primaryimage"},"thumbnailUrl":"https:\/\/la-grave.com\/wp-content\/uploads\/2020\/05\/news2.jpg","datePublished":"2020-05-01T15:13:15+00:00","dateModified":"2025-10-17T11:46:05+00:00","description":"Ce pr\u00e9sent site Internet vous est pr\u00e9sent\u00e9 par la soci\u00e9t\u00e9 par actions simplifi\u00e9es unipersonelle, la Soci\u00e9t\u00e9 d'Amenagement Tousitique de La Grave","breadcrumb":{"@id":"https:\/\/la-grave.com\/protection-confidentialite\/#breadcrumb"},"inLanguage":"en-US","potentialAction":[{"@type":"ReadAction","target":["https:\/\/la-grave.com\/protection-confidentialite\/"]}]},{"@type":"ImageObject","inLanguage":"en-US","@id":"https:\/\/la-grave.com\/protection-confidentialite\/#primaryimage","url":"https:\/\/la-grave.com\/wp-content\/uploads\/2020\/05\/news2.jpg","contentUrl":"https:\/\/la-grave.com\/wp-content\/uploads\/2020\/05\/news2.jpg","width":2000,"height":1125},{"@type":"BreadcrumbList","@id":"https:\/\/la-grave.com\/protection-confidentialite\/#breadcrumb","itemListElement":[{"@type":"ListItem","position":1,"name":"Accueil","item":"https:\/\/la-grave.com\/"},{"@type":"ListItem","position":2,"name":"Confidentialit\u00e9, Protection des donn\u00e9es, CGVU&#8230;"}]},{"@type":"WebSite","@id":"https:\/\/la-grave.com\/#website","url":"https:\/\/la-grave.com\/","name":"La Grave","description":"One signposted route, the rest is up to you!","potentialAction":[{"@type":"SearchAction","target":{"@type":"EntryPoint","urlTemplate":"https:\/\/la-grave.com\/?s={search_term_string}"},"query-input":{"@type":"PropertyValueSpecification","valueRequired":true,"valueName":"search_term_string"}}],"inLanguage":"en-US"}]}},"_links":{"self":[{"href":"https:\/\/la-grave.com\/en\/wp-json\/wp\/v2\/pages\/3","targetHints":{"allow":["GET"]}}],"collection":[{"href":"https:\/\/la-grave.com\/en\/wp-json\/wp\/v2\/pages"}],"about":[{"href":"https:\/\/la-grave.com\/en\/wp-json\/wp\/v2\/types\/page"}],"author":[{"embeddable":true,"href":"https:\/\/la-grave.com\/en\/wp-json\/wp\/v2\/users\/1"}],"replies":[{"embeddable":true,"href":"https:\/\/la-grave.com\/en\/wp-json\/wp\/v2\/comments?post=3"}],"version-history":[{"count":0,"href":"https:\/\/la-grave.com\/en\/wp-json\/wp\/v2\/pages\/3\/revisions"}],"wp:featuredmedia":[{"embeddable":true,"href":"https:\/\/la-grave.com\/en\/wp-json\/wp\/v2\/media\/57"}],"wp:attachment":[{"href":"https:\/\/la-grave.com\/en\/wp-json\/wp\/v2\/media?parent=3"}],"curies":[{"name":"wp","href":"https:\/\/api.w.org\/{rel}","templated":true}]}}