{"id":3186,"date":"2020-12-10T15:19:52","date_gmt":"2020-12-10T14:19:52","guid":{"rendered":"https:\/\/la-grave.com\/?page_id=3186"},"modified":"2025-10-17T13:35:02","modified_gmt":"2025-10-17T11:35:02","slug":"forfait-saison","status":"publish","type":"page","link":"https:\/\/la-grave.com\/en\/forfait-saison\/","title":{"rendered":"Forfait Saison"},"content":{"rendered":"\t\t<div data-elementor-type=\"wp-page\" data-elementor-id=\"3186\" class=\"elementor elementor-3186\">\n\t\t\t\t\t\t<section class=\"elementor-section elementor-top-section elementor-element elementor-element-73b4e3d elementor-section-boxed elementor-section-height-default elementor-section-height-default\" data-id=\"73b4e3d\" data-element_type=\"section\" data-e-type=\"section\">\n\t\t\t\t\t\t<div class=\"elementor-container elementor-column-gap-default\">\n\t\t\t\t\t<div class=\"elementor-column elementor-col-100 elementor-top-column elementor-element elementor-element-0c0aeb9\" data-id=\"0c0aeb9\" data-element_type=\"column\" data-e-type=\"column\">\n\t\t\t<div class=\"elementor-widget-wrap elementor-element-populated\">\n\t\t\t\t\t\t<div class=\"elementor-element elementor-element-e849bb2 elementor-widget elementor-widget-text-editor\" data-id=\"e849bb2\" data-element_type=\"widget\" data-e-type=\"widget\" data-widget_type=\"text-editor.default\">\n\t\t\t\t<div class=\"elementor-widget-container\">\n\t\t\t\t\t\t\t\t\t<p>Le s\u00e9same pour profiter de La Grave autant de fois que vous le voulez, que vous le pouvez.<\/p><p>Cette ann\u00e9e encore, si vous ne pouvez venir les week-end, nous avons l&#8217;offre d\u00e9di\u00e9e qu&#8217;il vous faut, un forfait saison \u00e0 petit prix, utilisable \u00e0 volont\u00e9 en semaine et hors-jours f\u00e9ri\u00e9s.<\/p><p>Un nouveau forfait saison Premium (SuperNova) pour naviguer dans l&#8217;univers SATA Group de l&#8217;Oisans \u00e0 volont\u00e9 avec <a href=\"https:\/\/skipass.alpedhuez.com\/hiver\/supernova\/\" target=\"_blank\" rel=\"noopener\">des avantages d\u00e9di\u00e9s !<\/a><\/p><p>Vous pouvez recycler les forfaits et keycard des autres stations et les utiliser pour recharger votre forfait La Grave !<\/p>\t\t\t\t\t\t\t\t<\/div>\n\t\t\t\t<\/div>\n\t\t\t\t\t<\/div>\n\t\t<\/div>\n\t\t\t\t\t<\/div>\n\t\t<\/section>\n\t\t\t\t<section class=\"elementor-section elementor-top-section elementor-element elementor-element-0bd551d elementor-section-boxed elementor-section-height-default elementor-section-height-default\" data-id=\"0bd551d\" data-element_type=\"section\" data-e-type=\"section\">\n\t\t\t\t\t\t<div class=\"elementor-container elementor-column-gap-default\">\n\t\t\t\t\t<div class=\"elementor-column elementor-col-100 elementor-top-column elementor-element elementor-element-08d541d\" data-id=\"08d541d\" data-element_type=\"column\" data-e-type=\"column\">\n\t\t\t<div class=\"elementor-widget-wrap elementor-element-populated\">\n\t\t\t\t\t\t<div class=\"elementor-element elementor-element-67ee72c elementor-widget elementor-widget-calculateur\" data-id=\"67ee72c\" data-element_type=\"widget\" data-e-type=\"widget\" data-widget_type=\"calculateur.default\">\n\t\t\t\t<div class=\"elementor-widget-container\">\n\t\t\t\t\t\t\t<div>\n\t\t\t<calculateur-element \n\t\t\t\tclass=\"jbc-skipass\" \n\t\t\t\tportail=\"733\" \n\t\t\t\tdomaineName=\"https:\/\/service.la-grave.com\/\" \n\t\t\t\tidModule=\"\" \n\t\t\t\tlangue=\"FR\"\n\t\t\t\tversion=\"\"\n\t\t\t\tpg=\"\"\n\t\t\t\tcanal=\"8310\"\n\t\t\t\ttiming=\"\"\n\t\t\t\tfiltreduree=\"\"\n\t\t\t\t\t\t\t\t\t\t\t\t\t\t\t\t\t\t\t\tNon\t\t\t\t\t\t\t\t>\n\t\t\t<\/calculateur-element>\n\t\t<\/div>\n\t\t\t\t\t\t<\/div>\n\t\t\t\t<\/div>\n\t\t\t\t\t<\/div>\n\t\t<\/div>\n\t\t\t\t\t<\/div>\n\t\t<\/section>\n\t\t\t\t<\/div>\n\t\t","protected":false},"excerpt":{"rendered":"<p>Le s\u00e9same pour profiter de La Grave autant de fois que vous le voulez, que vous le pouvez. Cette ann\u00e9e encore, si vous ne pouvez venir les week-end, nous avons l&#8217;offre d\u00e9di\u00e9e qu&#8217;il vous faut, un forfait saison \u00e0 petit prix, utilisable \u00e0 volont\u00e9 en semaine et hors-jours f\u00e9ri\u00e9s. Un nouveau forfait saison Premium (SuperNova) [&hellip;]<\/p>\n","protected":false},"author":2,"featured_media":58,"parent":0,"menu_order":0,"comment_status":"closed","ping_status":"closed","template":"","meta":{"footnotes":""},"class_list":["post-3186","page","type-page","status-publish","has-post-thumbnail","hentry"],"translation":{"provider":"WPGlobus","version":"3.0.2","language":"en","enabled_languages":["fr","en"],"languages":{"fr":{"title":true,"content":true,"excerpt":false},"en":{"title":false,"content":false,"excerpt":false}}},"yoast_head":"<!-- This site is optimized with the Yoast SEO plugin v27.4 - https:\/\/yoast.com\/product\/yoast-seo-wordpress\/ -->\n<title>Forfait Saison - La Grave<\/title>\n<meta name=\"robots\" content=\"index, follow, max-snippet:-1, max-image-preview:large, max-video-preview:-1\" \/>\n<link rel=\"canonical\" href=\"https:\/\/la-grave.com\/forfait-saison\/\" \/>\n<meta property=\"og:locale\" content=\"en_US\" \/>\n<meta property=\"og:type\" content=\"article\" \/>\n<meta property=\"og:title\" content=\"Forfait Saison - La Grave\" \/>\n<meta property=\"og:url\" content=\"https:\/\/la-grave.com\/forfait-saison\/\" \/>\n<meta property=\"og:site_name\" content=\"La Grave\" \/>\n<meta property=\"article:modified_time\" content=\"2025-10-17T11:35:02+00:00\" \/>\n<meta property=\"og:image\" content=\"https:\/\/la-grave.com\/wp-content\/uploads\/2020\/05\/patrouilleurs.jpg\" \/>\n\t<meta property=\"og:image:width\" content=\"2000\" \/>\n\t<meta property=\"og:image:height\" content=\"1125\" \/>\n\t<meta property=\"og:image:type\" content=\"image\/jpeg\" \/>\n<meta name=\"twitter:card\" content=\"summary_large_image\" \/>\n<meta name=\"twitter:label1\" content=\"Est. reading time\" \/>\n\t<meta name=\"twitter:data1\" content=\"1 minute\" \/>\n<script type=\"application\/ld+json\" class=\"yoast-schema-graph\">{\"@context\":\"https:\\\/\\\/schema.org\",\"@graph\":[{\"@type\":\"WebPage\",\"@id\":\"https:\\\/\\\/la-grave.com\\\/forfait-saison\\\/\",\"url\":\"https:\\\/\\\/la-grave.com\\\/forfait-saison\\\/\",\"name\":\"Forfait Saison - La Grave\",\"isPartOf\":{\"@id\":\"https:\\\/\\\/la-grave.com\\\/#website\"},\"primaryImageOfPage\":{\"@id\":\"https:\\\/\\\/la-grave.com\\\/forfait-saison\\\/#primaryimage\"},\"image\":{\"@id\":\"https:\\\/\\\/la-grave.com\\\/forfait-saison\\\/#primaryimage\"},\"thumbnailUrl\":\"https:\\\/\\\/la-grave.com\\\/wp-content\\\/uploads\\\/2020\\\/05\\\/patrouilleurs.jpg\",\"datePublished\":\"2020-12-10T14:19:52+00:00\",\"dateModified\":\"2025-10-17T11:35:02+00:00\",\"breadcrumb\":{\"@id\":\"https:\\\/\\\/la-grave.com\\\/forfait-saison\\\/#breadcrumb\"},\"inLanguage\":\"en-US\",\"potentialAction\":[{\"@type\":\"ReadAction\",\"target\":[\"https:\\\/\\\/la-grave.com\\\/forfait-saison\\\/\"]}]},{\"@type\":\"ImageObject\",\"inLanguage\":\"en-US\",\"@id\":\"https:\\\/\\\/la-grave.com\\\/forfait-saison\\\/#primaryimage\",\"url\":\"https:\\\/\\\/la-grave.com\\\/wp-content\\\/uploads\\\/2020\\\/05\\\/patrouilleurs.jpg\",\"contentUrl\":\"https:\\\/\\\/la-grave.com\\\/wp-content\\\/uploads\\\/2020\\\/05\\\/patrouilleurs.jpg\",\"width\":2000,\"height\":1125},{\"@type\":\"BreadcrumbList\",\"@id\":\"https:\\\/\\\/la-grave.com\\\/forfait-saison\\\/#breadcrumb\",\"itemListElement\":[{\"@type\":\"ListItem\",\"position\":1,\"name\":\"Accueil\",\"item\":\"https:\\\/\\\/la-grave.com\\\/\"},{\"@type\":\"ListItem\",\"position\":2,\"name\":\"Forfait Saison\"}]},{\"@type\":\"WebSite\",\"@id\":\"https:\\\/\\\/la-grave.com\\\/#website\",\"url\":\"https:\\\/\\\/la-grave.com\\\/\",\"name\":\"La Grave\",\"description\":\"One signposted route, the rest is up to you!\",\"potentialAction\":[{\"@type\":\"SearchAction\",\"target\":{\"@type\":\"EntryPoint\",\"urlTemplate\":\"https:\\\/\\\/la-grave.com\\\/?s={search_term_string}\"},\"query-input\":{\"@type\":\"PropertyValueSpecification\",\"valueRequired\":true,\"valueName\":\"search_term_string\"}}],\"inLanguage\":\"en-US\"}]}<\/script>\n<!-- \/ Yoast SEO plugin. -->","yoast_head_json":{"title":"Forfait Saison - La Grave","robots":{"index":"index","follow":"follow","max-snippet":"max-snippet:-1","max-image-preview":"max-image-preview:large","max-video-preview":"max-video-preview:-1"},"canonical":"https:\/\/la-grave.com\/forfait-saison\/","og_locale":"en_US","og_type":"article","og_title":"Forfait Saison - La Grave","og_url":"https:\/\/la-grave.com\/forfait-saison\/","og_site_name":"La Grave","article_modified_time":"2025-10-17T11:35:02+00:00","og_image":[{"width":2000,"height":1125,"url":"https:\/\/la-grave.com\/wp-content\/uploads\/2020\/05\/patrouilleurs.jpg","type":"image\/jpeg"}],"twitter_card":"summary_large_image","twitter_misc":{"Est. reading time":"1 minute"},"schema":{"@context":"https:\/\/schema.org","@graph":[{"@type":"WebPage","@id":"https:\/\/la-grave.com\/forfait-saison\/","url":"https:\/\/la-grave.com\/forfait-saison\/","name":"Forfait Saison - La Grave","isPartOf":{"@id":"https:\/\/la-grave.com\/#website"},"primaryImageOfPage":{"@id":"https:\/\/la-grave.com\/forfait-saison\/#primaryimage"},"image":{"@id":"https:\/\/la-grave.com\/forfait-saison\/#primaryimage"},"thumbnailUrl":"https:\/\/la-grave.com\/wp-content\/uploads\/2020\/05\/patrouilleurs.jpg","datePublished":"2020-12-10T14:19:52+00:00","dateModified":"2025-10-17T11:35:02+00:00","breadcrumb":{"@id":"https:\/\/la-grave.com\/forfait-saison\/#breadcrumb"},"inLanguage":"en-US","potentialAction":[{"@type":"ReadAction","target":["https:\/\/la-grave.com\/forfait-saison\/"]}]},{"@type":"ImageObject","inLanguage":"en-US","@id":"https:\/\/la-grave.com\/forfait-saison\/#primaryimage","url":"https:\/\/la-grave.com\/wp-content\/uploads\/2020\/05\/patrouilleurs.jpg","contentUrl":"https:\/\/la-grave.com\/wp-content\/uploads\/2020\/05\/patrouilleurs.jpg","width":2000,"height":1125},{"@type":"BreadcrumbList","@id":"https:\/\/la-grave.com\/forfait-saison\/#breadcrumb","itemListElement":[{"@type":"ListItem","position":1,"name":"Accueil","item":"https:\/\/la-grave.com\/"},{"@type":"ListItem","position":2,"name":"Forfait Saison"}]},{"@type":"WebSite","@id":"https:\/\/la-grave.com\/#website","url":"https:\/\/la-grave.com\/","name":"La Grave","description":"One signposted route, the rest is up to you!","potentialAction":[{"@type":"SearchAction","target":{"@type":"EntryPoint","urlTemplate":"https:\/\/la-grave.com\/?s={search_term_string}"},"query-input":{"@type":"PropertyValueSpecification","valueRequired":true,"valueName":"search_term_string"}}],"inLanguage":"en-US"}]}},"_links":{"self":[{"href":"https:\/\/la-grave.com\/en\/wp-json\/wp\/v2\/pages\/3186","targetHints":{"allow":["GET"]}}],"collection":[{"href":"https:\/\/la-grave.com\/en\/wp-json\/wp\/v2\/pages"}],"about":[{"href":"https:\/\/la-grave.com\/en\/wp-json\/wp\/v2\/types\/page"}],"author":[{"embeddable":true,"href":"https:\/\/la-grave.com\/en\/wp-json\/wp\/v2\/users\/2"}],"replies":[{"embeddable":true,"href":"https:\/\/la-grave.com\/en\/wp-json\/wp\/v2\/comments?post=3186"}],"version-history":[{"count":0,"href":"https:\/\/la-grave.com\/en\/wp-json\/wp\/v2\/pages\/3186\/revisions"}],"wp:featuredmedia":[{"embeddable":true,"href":"https:\/\/la-grave.com\/en\/wp-json\/wp\/v2\/media\/58"}],"wp:attachment":[{"href":"https:\/\/la-grave.com\/en\/wp-json\/wp\/v2\/media?parent=3186"}],"curies":[{"name":"wp","href":"https:\/\/api.w.org\/{rel}","templated":true}]}}