{"id":3591,"date":"2021-05-28T08:50:19","date_gmt":"2021-05-28T06:50:19","guid":{"rendered":"https:\/\/la-grave.com\/?page_id=3591"},"modified":"2023-05-31T14:42:22","modified_gmt":"2023-05-31T12:42:22","slug":"pietons-alpinistes","status":"publish","type":"page","link":"https:\/\/la-grave.com\/en\/pietons-alpinistes\/","title":{"rendered":"Pi\u00e9tons &#8211; Alpinistes"},"content":{"rendered":"\t\t<div data-elementor-type=\"wp-page\" data-elementor-id=\"3591\" class=\"elementor elementor-3591\">\n\t\t\t\t\t\t<section class=\"elementor-section elementor-top-section elementor-element elementor-element-11f529d elementor-section-boxed elementor-section-height-default elementor-section-height-default\" data-id=\"11f529d\" data-element_type=\"section\" data-e-type=\"section\">\n\t\t\t\t\t\t<div class=\"elementor-container elementor-column-gap-default\">\n\t\t\t\t\t<div class=\"elementor-column elementor-col-100 elementor-top-column elementor-element elementor-element-a8e0058\" data-id=\"a8e0058\" data-element_type=\"column\" data-e-type=\"column\">\n\t\t\t<div class=\"elementor-widget-wrap elementor-element-populated\">\n\t\t\t\t\t\t<div class=\"elementor-element elementor-element-c4a02af elementor-widget elementor-widget-text-editor\" data-id=\"c4a02af\" data-element_type=\"widget\" data-e-type=\"widget\" data-widget_type=\"text-editor.default\">\n\t\t\t\t<div class=\"elementor-widget-container\">\n\t\t\t\t\t\t\t\t\t<p>Achetez votre titre de transport pour 3200m et embarquez directement dans le t\u00e9l\u00e9ph\u00e9rique pour gagner la haute-altitude.<br \/>Vous pourrez compl\u00e9ter avec la visite de la Grotte de Glace et le menu du jour sur place \u00e0 La Grave (indisponible en ligne actuellement).<\/p><p><span style=\"font-family: Roboto, 'Helvetica Neue', sans-serif; font-size: 14px; font-style: normal; font-weight: 400;\">Vous devez disposer de carte rechargeable comptatible skidata et Vous pouvez recycler les forfaits et keycard des autres stations et les utiliser pour recharger votre Aller-Retour \u00e0 La Grave!<\/span><\/p>\t\t\t\t\t\t\t\t<\/div>\n\t\t\t\t<\/div>\n\t\t\t\t\t<\/div>\n\t\t<\/div>\n\t\t\t\t\t<\/div>\n\t\t<\/section>\n\t\t\t\t<section class=\"elementor-section elementor-top-section elementor-element elementor-element-114e94f elementor-reverse-tablet elementor-reverse-mobile elementor-section-boxed elementor-section-height-default elementor-section-height-default\" data-id=\"114e94f\" data-element_type=\"section\" data-e-type=\"section\">\n\t\t\t\t\t\t<div class=\"elementor-container elementor-column-gap-default\">\n\t\t\t\t\t<div class=\"elementor-column elementor-col-100 elementor-top-column elementor-element elementor-element-62fdad6\" data-id=\"62fdad6\" data-element_type=\"column\" data-e-type=\"column\">\n\t\t\t<div class=\"elementor-widget-wrap elementor-element-populated\">\n\t\t\t\t\t\t<div class=\"elementor-element elementor-element-2e3514b elementor-widget elementor-widget-calculateur\" data-id=\"2e3514b\" data-element_type=\"widget\" data-e-type=\"widget\" data-widget_type=\"calculateur.default\">\n\t\t\t\t<div class=\"elementor-widget-container\">\n\t\t\t\t\t\t\t<div>\n\t\t\t<calculateur-element \n\t\t\t\tclass=\"jbc-skipass\" \n\t\t\t\tportail=\"733\" \n\t\t\t\tdomaineName=\"https:\/\/service.la-grave.com\/\" \n\t\t\t\tidModule=\"\" \n\t\t\t\tlangue=\"FR\"\n\t\t\t\tversion=\"\"\n\t\t\t\tpg=\"\"\n\t\t\t\tcanal=\"7806\"\n\t\t\t\ttiming=\"\"\n\t\t\t\tfiltreduree=\"\"\n\t\t\t\t\t\t\t\t\t\t\t\t\t\t\t\t\t\t\t\tNon\t\t\t\t\t\t\t\t>\n\t\t\t<\/calculateur-element>\n\t\t<\/div>\n\t\t\t\t\t\t<\/div>\n\t\t\t\t<\/div>\n\t\t\t\t\t<\/div>\n\t\t<\/div>\n\t\t\t\t\t<\/div>\n\t\t<\/section>\n\t\t\t\t<\/div>\n\t\t","protected":false},"excerpt":{"rendered":"<p>Achetez votre titre de transport pour 3200m et embarquez directement dans le t\u00e9l\u00e9ph\u00e9rique pour gagner la haute-altitude.Vous pourrez compl\u00e9ter avec la visite de la Grotte de Glace et le menu du jour sur place \u00e0 La Grave (indisponible en ligne actuellement). Vous devez disposer de carte rechargeable comptatible skidata et Vous pouvez recycler les forfaits [&hellip;]<\/p>\n","protected":false},"author":1,"featured_media":2674,"parent":0,"menu_order":0,"comment_status":"closed","ping_status":"closed","template":"","meta":{"footnotes":""},"class_list":["post-3591","page","type-page","status-publish","has-post-thumbnail","hentry"],"translation":{"provider":"WPGlobus","version":"3.0.2","language":"en","enabled_languages":["fr","en"],"languages":{"fr":{"title":true,"content":true,"excerpt":false},"en":{"title":false,"content":false,"excerpt":false}}},"yoast_head":"<!-- This site is optimized with the Yoast SEO plugin v27.6 - https:\/\/yoast.com\/product\/yoast-seo-wordpress\/ -->\n<title>Pi\u00e9tons - Alpinistes - La Grave<\/title>\n<meta name=\"robots\" content=\"index, follow, max-snippet:-1, max-image-preview:large, max-video-preview:-1\" \/>\n<link rel=\"canonical\" href=\"https:\/\/la-grave.com\/pietons-alpinistes\/\" \/>\n<meta property=\"og:locale\" content=\"en_US\" \/>\n<meta property=\"og:type\" content=\"article\" \/>\n<meta property=\"og:title\" content=\"Pi\u00e9tons - Alpinistes - La Grave\" \/>\n<meta property=\"og:url\" content=\"https:\/\/la-grave.com\/pietons-alpinistes\/\" \/>\n<meta property=\"og:site_name\" content=\"La Grave\" \/>\n<meta property=\"article:modified_time\" content=\"2023-05-31T12:42:22+00:00\" \/>\n<meta property=\"og:image\" content=\"https:\/\/la-grave.com\/wp-content\/uploads\/2020\/05\/rateau.jpg\" \/>\n\t<meta property=\"og:image:width\" content=\"2000\" \/>\n\t<meta property=\"og:image:height\" content=\"1120\" \/>\n\t<meta property=\"og:image:type\" content=\"image\/jpeg\" \/>\n<meta name=\"twitter:card\" content=\"summary_large_image\" \/>\n<meta name=\"twitter:label1\" content=\"Est. reading time\" \/>\n\t<meta name=\"twitter:data1\" content=\"1 minute\" \/>\n<script type=\"application\/ld+json\" class=\"yoast-schema-graph\">{\"@context\":\"https:\\\/\\\/schema.org\",\"@graph\":[{\"@type\":\"WebPage\",\"@id\":\"https:\\\/\\\/la-grave.com\\\/pietons-alpinistes\\\/\",\"url\":\"https:\\\/\\\/la-grave.com\\\/pietons-alpinistes\\\/\",\"name\":\"Pi\u00e9tons - Alpinistes - La Grave\",\"isPartOf\":{\"@id\":\"https:\\\/\\\/la-grave.com\\\/#website\"},\"primaryImageOfPage\":{\"@id\":\"https:\\\/\\\/la-grave.com\\\/pietons-alpinistes\\\/#primaryimage\"},\"image\":{\"@id\":\"https:\\\/\\\/la-grave.com\\\/pietons-alpinistes\\\/#primaryimage\"},\"thumbnailUrl\":\"https:\\\/\\\/la-grave.com\\\/wp-content\\\/uploads\\\/2020\\\/05\\\/rateau.jpg\",\"datePublished\":\"2021-05-28T06:50:19+00:00\",\"dateModified\":\"2023-05-31T12:42:22+00:00\",\"breadcrumb\":{\"@id\":\"https:\\\/\\\/la-grave.com\\\/pietons-alpinistes\\\/#breadcrumb\"},\"inLanguage\":\"en-US\",\"potentialAction\":[{\"@type\":\"ReadAction\",\"target\":[\"https:\\\/\\\/la-grave.com\\\/pietons-alpinistes\\\/\"]}]},{\"@type\":\"ImageObject\",\"inLanguage\":\"en-US\",\"@id\":\"https:\\\/\\\/la-grave.com\\\/pietons-alpinistes\\\/#primaryimage\",\"url\":\"https:\\\/\\\/la-grave.com\\\/wp-content\\\/uploads\\\/2020\\\/05\\\/rateau.jpg\",\"contentUrl\":\"https:\\\/\\\/la-grave.com\\\/wp-content\\\/uploads\\\/2020\\\/05\\\/rateau.jpg\",\"width\":2000,\"height\":1120},{\"@type\":\"BreadcrumbList\",\"@id\":\"https:\\\/\\\/la-grave.com\\\/pietons-alpinistes\\\/#breadcrumb\",\"itemListElement\":[{\"@type\":\"ListItem\",\"position\":1,\"name\":\"Accueil\",\"item\":\"https:\\\/\\\/la-grave.com\\\/\"},{\"@type\":\"ListItem\",\"position\":2,\"name\":\"Pi\u00e9tons &#8211; Alpinistes\"}]},{\"@type\":\"WebSite\",\"@id\":\"https:\\\/\\\/la-grave.com\\\/#website\",\"url\":\"https:\\\/\\\/la-grave.com\\\/\",\"name\":\"La Grave\",\"description\":\"One signposted route, the rest is up to you!\",\"potentialAction\":[{\"@type\":\"SearchAction\",\"target\":{\"@type\":\"EntryPoint\",\"urlTemplate\":\"https:\\\/\\\/la-grave.com\\\/?s={search_term_string}\"},\"query-input\":{\"@type\":\"PropertyValueSpecification\",\"valueRequired\":true,\"valueName\":\"search_term_string\"}}],\"inLanguage\":\"en-US\"}]}<\/script>\n<!-- \/ Yoast SEO plugin. -->","yoast_head_json":{"title":"Pi\u00e9tons - Alpinistes - La Grave","robots":{"index":"index","follow":"follow","max-snippet":"max-snippet:-1","max-image-preview":"max-image-preview:large","max-video-preview":"max-video-preview:-1"},"canonical":"https:\/\/la-grave.com\/pietons-alpinistes\/","og_locale":"en_US","og_type":"article","og_title":"Pi\u00e9tons - Alpinistes - La Grave","og_url":"https:\/\/la-grave.com\/pietons-alpinistes\/","og_site_name":"La Grave","article_modified_time":"2023-05-31T12:42:22+00:00","og_image":[{"width":2000,"height":1120,"url":"https:\/\/la-grave.com\/wp-content\/uploads\/2020\/05\/rateau.jpg","type":"image\/jpeg"}],"twitter_card":"summary_large_image","twitter_misc":{"Est. reading time":"1 minute"},"schema":{"@context":"https:\/\/schema.org","@graph":[{"@type":"WebPage","@id":"https:\/\/la-grave.com\/pietons-alpinistes\/","url":"https:\/\/la-grave.com\/pietons-alpinistes\/","name":"Pi\u00e9tons - Alpinistes - La Grave","isPartOf":{"@id":"https:\/\/la-grave.com\/#website"},"primaryImageOfPage":{"@id":"https:\/\/la-grave.com\/pietons-alpinistes\/#primaryimage"},"image":{"@id":"https:\/\/la-grave.com\/pietons-alpinistes\/#primaryimage"},"thumbnailUrl":"https:\/\/la-grave.com\/wp-content\/uploads\/2020\/05\/rateau.jpg","datePublished":"2021-05-28T06:50:19+00:00","dateModified":"2023-05-31T12:42:22+00:00","breadcrumb":{"@id":"https:\/\/la-grave.com\/pietons-alpinistes\/#breadcrumb"},"inLanguage":"en-US","potentialAction":[{"@type":"ReadAction","target":["https:\/\/la-grave.com\/pietons-alpinistes\/"]}]},{"@type":"ImageObject","inLanguage":"en-US","@id":"https:\/\/la-grave.com\/pietons-alpinistes\/#primaryimage","url":"https:\/\/la-grave.com\/wp-content\/uploads\/2020\/05\/rateau.jpg","contentUrl":"https:\/\/la-grave.com\/wp-content\/uploads\/2020\/05\/rateau.jpg","width":2000,"height":1120},{"@type":"BreadcrumbList","@id":"https:\/\/la-grave.com\/pietons-alpinistes\/#breadcrumb","itemListElement":[{"@type":"ListItem","position":1,"name":"Accueil","item":"https:\/\/la-grave.com\/"},{"@type":"ListItem","position":2,"name":"Pi\u00e9tons &#8211; Alpinistes"}]},{"@type":"WebSite","@id":"https:\/\/la-grave.com\/#website","url":"https:\/\/la-grave.com\/","name":"La Grave","description":"One signposted route, the rest is up to you!","potentialAction":[{"@type":"SearchAction","target":{"@type":"EntryPoint","urlTemplate":"https:\/\/la-grave.com\/?s={search_term_string}"},"query-input":{"@type":"PropertyValueSpecification","valueRequired":true,"valueName":"search_term_string"}}],"inLanguage":"en-US"}]}},"_links":{"self":[{"href":"https:\/\/la-grave.com\/en\/wp-json\/wp\/v2\/pages\/3591","targetHints":{"allow":["GET"]}}],"collection":[{"href":"https:\/\/la-grave.com\/en\/wp-json\/wp\/v2\/pages"}],"about":[{"href":"https:\/\/la-grave.com\/en\/wp-json\/wp\/v2\/types\/page"}],"author":[{"embeddable":true,"href":"https:\/\/la-grave.com\/en\/wp-json\/wp\/v2\/users\/1"}],"replies":[{"embeddable":true,"href":"https:\/\/la-grave.com\/en\/wp-json\/wp\/v2\/comments?post=3591"}],"version-history":[{"count":0,"href":"https:\/\/la-grave.com\/en\/wp-json\/wp\/v2\/pages\/3591\/revisions"}],"wp:featuredmedia":[{"embeddable":true,"href":"https:\/\/la-grave.com\/en\/wp-json\/wp\/v2\/media\/2674"}],"wp:attachment":[{"href":"https:\/\/la-grave.com\/en\/wp-json\/wp\/v2\/media?parent=3591"}],"curies":[{"name":"wp","href":"https:\/\/api.w.org\/{rel}","templated":true}]}}