{"id":8,"date":"2020-05-01T18:02:37","date_gmt":"2020-05-01T16:02:37","guid":{"rendered":"http:\/\/v4.la-grave.com\/?page_id=8"},"modified":"2025-10-16T17:57:58","modified_gmt":"2025-10-16T15:57:58","slug":"experience-hors-piste","status":"publish","type":"page","link":"https:\/\/la-grave.com\/en\/experience-hors-piste\/","title":{"rendered":"The Experience &#8211; Off Piste"},"content":{"rendered":"<p><\/p>\r\n<h2 class=\"wp-block-heading\">You&#8217;re not in a traditional ski resort&#8230;<\/h2>\r\n<p><\/p>\r\n<p><\/p>\r\n<p>When you access the La Grave &#8211; La Meije ski area, you are not in a ski resort. You&#8217;re in the high mountains, on an unsafe site where weather conditions can change abruptly and where you&#8217;ll have to manage your insecurity.<\/p>\r\n<p><\/p>\r\n<p><\/p>\r\n<blockquote class=\"wp-block-quote is-layout-flow wp-block-quote-is-layout-flow\">\r\n<p>&#8220;in 30 minutes, you&#8217;re transported to an altitude of 3200m.&#8221;<\/p>\r\n<\/blockquote>\r\n<p><\/p>\r\n<p><\/p>\r\n<p>A cable car takes you up to an altitude of 3200m in around 30 minutes, in a unique setting of vast glacial expanses and steep couloirs where you can carve your curves according to your inspiration and ability, far from the marked runs and pylons.<br \/><div class=\"video-container\"><iframe title=\"YouTube video player\" width=\"300\" height=\"200\" src=\"https:\/\/www.youtube.com\/embed\/ODFzZN0vIN4?theme=dark&rel=0&wmode=transparent\" frameborder=\"0\" allowfullscreen><\/iframe><\/div><\/p>\r\n<p><\/p>\r\n<p><\/p>\r\n<p>Before you leave, you should take <a href=\"https:\/\/la-grave.com\/en\/le-domaine-de-haute-montagne\/\">a number of precautions <\/a>to ensure your peace of mind, your well-being and that of others..<\/p>\r\n<p><\/p>\r\n<p><\/p>\r\n<blockquote class=\"wp-block-quote is-layout-flow wp-block-quote-is-layout-flow\">\r\n<p>&#8220;It requires a certain level of skiing, but above all a great deal of humility and responsibility in the face of the natural elements.&#8221;<\/p>\r\n<\/blockquote>\r\n<p><\/p>","protected":false},"excerpt":{"rendered":"<p>You&#8217;re not in a traditional ski resort&#8230; When you access the La Grave &#8211; La Meije ski area, you are not in a ski resort. You&#8217;re in the high mountains, on an unsafe site where weather conditions can change abruptly and where you&#8217;ll have to manage your insecurity. &#8220;in 30 minutes, you&#8217;re transported to an [&hellip;]<\/p>\n","protected":false},"author":1,"featured_media":58,"parent":0,"menu_order":0,"comment_status":"closed","ping_status":"closed","template":"page_f.php","meta":{"footnotes":""},"class_list":["post-8","page","type-page","status-publish","has-post-thumbnail","hentry"],"translation":{"provider":"WPGlobus","version":"3.0.2","language":"en","enabled_languages":["fr","en"],"languages":{"fr":{"title":true,"content":true,"excerpt":false},"en":{"title":true,"content":true,"excerpt":false}}},"yoast_head":"<!-- This site is optimized with the Yoast SEO plugin v27.4 - https:\/\/yoast.com\/product\/yoast-seo-wordpress\/ -->\n<title>The Experience - Off Piste - La Grave free-ride hors-piste<\/title>\n<meta name=\"robots\" content=\"index, follow, max-snippet:-1, max-image-preview:large, max-video-preview:-1\" \/>\n<link rel=\"canonical\" href=\"https:\/\/la-grave.com\/experience-hors-piste\/\" \/>\n<meta property=\"og:locale\" content=\"en_US\" \/>\n<meta property=\"og:type\" content=\"article\" \/>\n<meta property=\"og:title\" content=\"The Experience - Off Piste - La Grave\" \/>\n<meta property=\"og:url\" content=\"https:\/\/la-grave.com\/experience-hors-piste\/\" \/>\n<meta property=\"og:site_name\" content=\"La Grave\" \/>\n<meta property=\"article:modified_time\" content=\"2025-10-16T15:57:58+00:00\" \/>\n<meta property=\"og:image\" content=\"https:\/\/la-grave.com\/wp-content\/uploads\/2020\/05\/patrouilleurs.jpg\" \/>\n\t<meta property=\"og:image:width\" content=\"2000\" \/>\n\t<meta property=\"og:image:height\" content=\"1125\" \/>\n\t<meta property=\"og:image:type\" content=\"image\/jpeg\" \/>\n<meta name=\"twitter:card\" content=\"summary_large_image\" \/>\n<meta name=\"twitter:label1\" content=\"Est. reading time\" \/>\n\t<meta name=\"twitter:data1\" content=\"1 minute\" \/>\n<script type=\"application\/ld+json\" class=\"yoast-schema-graph\">{\"@context\":\"https:\\\/\\\/schema.org\",\"@graph\":[{\"@type\":\"WebPage\",\"@id\":\"https:\\\/\\\/la-grave.com\\\/experience-hors-piste\\\/\",\"url\":\"https:\\\/\\\/la-grave.com\\\/experience-hors-piste\\\/\",\"name\":\"The Experience - Off Piste - La Grave free-ride hors-piste\",\"isPartOf\":{\"@id\":\"https:\\\/\\\/la-grave.com\\\/#website\"},\"primaryImageOfPage\":{\"@id\":\"https:\\\/\\\/la-grave.com\\\/experience-hors-piste\\\/#primaryimage\"},\"image\":{\"@id\":\"https:\\\/\\\/la-grave.com\\\/experience-hors-piste\\\/#primaryimage\"},\"thumbnailUrl\":\"https:\\\/\\\/la-grave.com\\\/wp-content\\\/uploads\\\/2020\\\/05\\\/patrouilleurs.jpg\",\"datePublished\":\"2020-05-01T16:02:37+00:00\",\"dateModified\":\"2025-10-16T15:57:58+00:00\",\"description\":\"En acc\u00e8dant au domaine de La Grave - La Meije, vous n'\u00eates pas dans une station de ski. Vous \u00eates en haute-montagne, sur un site non s\u00e9curis\u00e9...\",\"breadcrumb\":{\"@id\":\"https:\\\/\\\/la-grave.com\\\/experience-hors-piste\\\/#breadcrumb\"},\"inLanguage\":\"en-US\",\"potentialAction\":[{\"@type\":\"ReadAction\",\"target\":[\"https:\\\/\\\/la-grave.com\\\/experience-hors-piste\\\/\"]}]},{\"@type\":\"ImageObject\",\"inLanguage\":\"en-US\",\"@id\":\"https:\\\/\\\/la-grave.com\\\/experience-hors-piste\\\/#primaryimage\",\"url\":\"https:\\\/\\\/la-grave.com\\\/wp-content\\\/uploads\\\/2020\\\/05\\\/patrouilleurs.jpg\",\"contentUrl\":\"https:\\\/\\\/la-grave.com\\\/wp-content\\\/uploads\\\/2020\\\/05\\\/patrouilleurs.jpg\",\"width\":2000,\"height\":1125},{\"@type\":\"BreadcrumbList\",\"@id\":\"https:\\\/\\\/la-grave.com\\\/experience-hors-piste\\\/#breadcrumb\",\"itemListElement\":[{\"@type\":\"ListItem\",\"position\":1,\"name\":\"Accueil\",\"item\":\"https:\\\/\\\/la-grave.com\\\/\"},{\"@type\":\"ListItem\",\"position\":2,\"name\":\"L&rsquo;Exp\u00e9rience &#8211; En Hors Piste\"}]},{\"@type\":\"WebSite\",\"@id\":\"https:\\\/\\\/la-grave.com\\\/#website\",\"url\":\"https:\\\/\\\/la-grave.com\\\/\",\"name\":\"La Grave\",\"description\":\"One signposted route, the rest is up to you!\",\"potentialAction\":[{\"@type\":\"SearchAction\",\"target\":{\"@type\":\"EntryPoint\",\"urlTemplate\":\"https:\\\/\\\/la-grave.com\\\/?s={search_term_string}\"},\"query-input\":{\"@type\":\"PropertyValueSpecification\",\"valueRequired\":true,\"valueName\":\"search_term_string\"}}],\"inLanguage\":\"en-US\"}]}<\/script>\n<!-- \/ Yoast SEO plugin. -->","yoast_head_json":{"title":"The Experience - Off Piste - La Grave free-ride hors-piste","robots":{"index":"index","follow":"follow","max-snippet":"max-snippet:-1","max-image-preview":"max-image-preview:large","max-video-preview":"max-video-preview:-1"},"canonical":"https:\/\/la-grave.com\/experience-hors-piste\/","og_locale":"en_US","og_type":"article","og_title":"The Experience - Off Piste - La Grave","og_url":"https:\/\/la-grave.com\/experience-hors-piste\/","og_site_name":"La Grave","article_modified_time":"2025-10-16T15:57:58+00:00","og_image":[{"width":2000,"height":1125,"url":"https:\/\/la-grave.com\/wp-content\/uploads\/2020\/05\/patrouilleurs.jpg","type":"image\/jpeg"}],"twitter_card":"summary_large_image","twitter_misc":{"Est. reading time":"1 minute"},"schema":{"@context":"https:\/\/schema.org","@graph":[{"@type":"WebPage","@id":"https:\/\/la-grave.com\/experience-hors-piste\/","url":"https:\/\/la-grave.com\/experience-hors-piste\/","name":"The Experience - Off Piste - La Grave free-ride hors-piste","isPartOf":{"@id":"https:\/\/la-grave.com\/#website"},"primaryImageOfPage":{"@id":"https:\/\/la-grave.com\/experience-hors-piste\/#primaryimage"},"image":{"@id":"https:\/\/la-grave.com\/experience-hors-piste\/#primaryimage"},"thumbnailUrl":"https:\/\/la-grave.com\/wp-content\/uploads\/2020\/05\/patrouilleurs.jpg","datePublished":"2020-05-01T16:02:37+00:00","dateModified":"2025-10-16T15:57:58+00:00","description":"En acc\u00e8dant au domaine de La Grave - La Meije, vous n'\u00eates pas dans une station de ski. Vous \u00eates en haute-montagne, sur un site non s\u00e9curis\u00e9...","breadcrumb":{"@id":"https:\/\/la-grave.com\/experience-hors-piste\/#breadcrumb"},"inLanguage":"en-US","potentialAction":[{"@type":"ReadAction","target":["https:\/\/la-grave.com\/experience-hors-piste\/"]}]},{"@type":"ImageObject","inLanguage":"en-US","@id":"https:\/\/la-grave.com\/experience-hors-piste\/#primaryimage","url":"https:\/\/la-grave.com\/wp-content\/uploads\/2020\/05\/patrouilleurs.jpg","contentUrl":"https:\/\/la-grave.com\/wp-content\/uploads\/2020\/05\/patrouilleurs.jpg","width":2000,"height":1125},{"@type":"BreadcrumbList","@id":"https:\/\/la-grave.com\/experience-hors-piste\/#breadcrumb","itemListElement":[{"@type":"ListItem","position":1,"name":"Accueil","item":"https:\/\/la-grave.com\/"},{"@type":"ListItem","position":2,"name":"L&rsquo;Exp\u00e9rience &#8211; En Hors Piste"}]},{"@type":"WebSite","@id":"https:\/\/la-grave.com\/#website","url":"https:\/\/la-grave.com\/","name":"La Grave","description":"One signposted route, the rest is up to you!","potentialAction":[{"@type":"SearchAction","target":{"@type":"EntryPoint","urlTemplate":"https:\/\/la-grave.com\/?s={search_term_string}"},"query-input":{"@type":"PropertyValueSpecification","valueRequired":true,"valueName":"search_term_string"}}],"inLanguage":"en-US"}]}},"_links":{"self":[{"href":"https:\/\/la-grave.com\/en\/wp-json\/wp\/v2\/pages\/8","targetHints":{"allow":["GET"]}}],"collection":[{"href":"https:\/\/la-grave.com\/en\/wp-json\/wp\/v2\/pages"}],"about":[{"href":"https:\/\/la-grave.com\/en\/wp-json\/wp\/v2\/types\/page"}],"author":[{"embeddable":true,"href":"https:\/\/la-grave.com\/en\/wp-json\/wp\/v2\/users\/1"}],"replies":[{"embeddable":true,"href":"https:\/\/la-grave.com\/en\/wp-json\/wp\/v2\/comments?post=8"}],"version-history":[{"count":0,"href":"https:\/\/la-grave.com\/en\/wp-json\/wp\/v2\/pages\/8\/revisions"}],"wp:featuredmedia":[{"embeddable":true,"href":"https:\/\/la-grave.com\/en\/wp-json\/wp\/v2\/media\/58"}],"wp:attachment":[{"href":"https:\/\/la-grave.com\/en\/wp-json\/wp\/v2\/media?parent=8"}],"curies":[{"name":"wp","href":"https:\/\/api.w.org\/{rel}","templated":true}]}}